{"id":465572,"date":"2025-06-01T00:54:15","date_gmt":"2025-05-31T22:54:15","guid":{"rendered":"https:\/\/lucacastelli.com\/prodotto\/poignee-telescopique\/"},"modified":"2025-08-06T16:09:35","modified_gmt":"2025-08-06T14:09:35","slug":"poignee-telescopique","status":"publish","type":"product","link":"https:\/\/lucacastelli.com\/fr\/produit\/poignee-telescopique\/","title":{"rendered":"STIHL Poign\u00e9e t\u00e9lescopique"},"content":{"rendered":"<p>D\u2019une longueur totale de 95 \u00e0 110 cm, cette poign\u00e9e t\u00e9lescopique extensible permet au client final de travailler de mani\u00e8re ergonomique en position droite. C\u2019est un must&nbsp;; De plus, l\u2019angle de travail peut \u00eatre r\u00e9gl\u00e9 sur 7 positions (125\u00b0).<br \/>\n886661345908 <\/p>\n","protected":false},"excerpt":{"rendered":"<p>Poign\u00e9e t\u00e9lescopique<\/p>\n","protected":false},"featured_media":422581,"template":"","meta":{"_seopress_robots_primary_cat":"none","_seopress_titles_title":"","_seopress_titles_desc":"","_seopress_robots_index":""},"product_brand":[3366],"product_cat":[29,282,267],"product_tag":[3265],"class_list":{"0":"post-465572","1":"product","2":"type-product","3":"status-publish","4":"has-post-thumbnail","6":"product_brand-stihl","7":"product_cat-macchinari","8":"product_cat-tosasiepi-e-potatori-a-batteria","9":"product_cat-tosasiepi-e-potatori","10":"product_tag-import-stihl","11":"sws-gruppo-macchinari-fr","12":"sws-conto-ricavi-merci-rivendita-macchinari-fr","13":"sws-gruppo-iva-iva81-fr","15":"first","16":"onbackorder","17":"purchasable","18":"product-type-simple"},"_links":{"self":[{"href":"https:\/\/lucacastelli.com\/fr\/wp-json\/wp\/v2\/product\/465572","targetHints":{"allow":["GET"]}}],"collection":[{"href":"https:\/\/lucacastelli.com\/fr\/wp-json\/wp\/v2\/product"}],"about":[{"href":"https:\/\/lucacastelli.com\/fr\/wp-json\/wp\/v2\/types\/product"}],"wp:featuredmedia":[{"embeddable":true,"href":"https:\/\/lucacastelli.com\/fr\/wp-json\/wp\/v2\/media\/422581"}],"wp:attachment":[{"href":"https:\/\/lucacastelli.com\/fr\/wp-json\/wp\/v2\/media?parent=465572"}],"wp:term":[{"taxonomy":"product_brand","embeddable":true,"href":"https:\/\/lucacastelli.com\/fr\/wp-json\/wp\/v2\/product_brand?post=465572"},{"taxonomy":"product_cat","embeddable":true,"href":"https:\/\/lucacastelli.com\/fr\/wp-json\/wp\/v2\/product_cat?post=465572"},{"taxonomy":"product_tag","embeddable":true,"href":"https:\/\/lucacastelli.com\/fr\/wp-json\/wp\/v2\/product_tag?post=465572"}],"curies":[{"name":"wp","href":"https:\/\/api.w.org\/{rel}","templated":true}]}}