{"id":465567,"date":"2025-06-01T00:55:20","date_gmt":"2025-05-31T22:55:20","guid":{"rendered":"https:\/\/lucacastelli.com\/prodotto\/pied-dappui\/"},"modified":"2025-06-28T19:08:29","modified_gmt":"2025-06-28T17:08:29","slug":"pied-dappui","status":"publish","type":"product","link":"https:\/\/lucacastelli.com\/fr\/produit\/pied-dappui\/","title":{"rendered":"STIHL Pied d\u2019appui"},"content":{"rendered":"<p>Repose-toi pour prot\u00e9ger la batterie du contact avec le sol. Poign\u00e9e suppl\u00e9mentaire pour une courte extension de la gamme. Inclus dans la livraison du HT 133. Pour HTA 65, HTA 66, HTA 85, HTA 86, HLA 66,<br \/>\n HLA 85 et HLA 86.<br \/>\n886661138999   <\/p>\n","protected":false},"excerpt":{"rendered":"<p>Pied d\u2019appui<\/p>\n","protected":false},"featured_media":431334,"template":"","meta":{"_seopress_robots_primary_cat":"","_seopress_titles_title":"","_seopress_titles_desc":"","_seopress_robots_index":""},"product_brand":[3366],"product_cat":[29,282,267],"product_tag":[3265],"class_list":{"0":"post-465567","1":"product","2":"type-product","3":"status-publish","4":"has-post-thumbnail","6":"product_brand-stihl","7":"product_cat-macchinari","8":"product_cat-tosasiepi-e-potatori-a-batteria","9":"product_cat-tosasiepi-e-potatori","10":"product_tag-import-stihl","11":"sws-gruppo-macchinari-fr","12":"sws-conto-ricavi-merci-rivendita-macchinari-fr","13":"sws-gruppo-iva-iva81-fr","15":"first","16":"onbackorder","17":"purchasable","18":"product-type-simple"},"_links":{"self":[{"href":"https:\/\/lucacastelli.com\/fr\/wp-json\/wp\/v2\/product\/465567","targetHints":{"allow":["GET"]}}],"collection":[{"href":"https:\/\/lucacastelli.com\/fr\/wp-json\/wp\/v2\/product"}],"about":[{"href":"https:\/\/lucacastelli.com\/fr\/wp-json\/wp\/v2\/types\/product"}],"wp:featuredmedia":[{"embeddable":true,"href":"https:\/\/lucacastelli.com\/fr\/wp-json\/wp\/v2\/media\/431334"}],"wp:attachment":[{"href":"https:\/\/lucacastelli.com\/fr\/wp-json\/wp\/v2\/media?parent=465567"}],"wp:term":[{"taxonomy":"product_brand","embeddable":true,"href":"https:\/\/lucacastelli.com\/fr\/wp-json\/wp\/v2\/product_brand?post=465567"},{"taxonomy":"product_cat","embeddable":true,"href":"https:\/\/lucacastelli.com\/fr\/wp-json\/wp\/v2\/product_cat?post=465567"},{"taxonomy":"product_tag","embeddable":true,"href":"https:\/\/lucacastelli.com\/fr\/wp-json\/wp\/v2\/product_tag?post=465567"}],"curies":[{"name":"wp","href":"https:\/\/api.w.org\/{rel}","templated":true}]}}