{"id":465566,"date":"2025-06-01T00:44:24","date_gmt":"2025-05-31T22:44:24","guid":{"rendered":"https:\/\/lucacastelli.com\/prodotto\/hl-94-c-e\/"},"modified":"2025-06-28T18:03:24","modified_gmt":"2025-06-28T16:03:24","slug":"hl-94-c-e","status":"publish","type":"product","link":"https:\/\/lucacastelli.com\/fr\/produit\/hl-94-c-e\/","title":{"rendered":"STIHL HL 94 C-E"},"content":{"rendered":"<p>Pour les travaux professionnels sur les haies hautes et l\u2019utilisation au niveau du sol. Engrenages l\u00e9gers, moteur 2-MIX avec ECOSPEED pour le contr\u00f4le de la vitesse lors de travaux prolong\u00e9s dans des zones sensibles au bruit, STIHL ErgoStart, lames pivotantes \u00e0 145\u00b0, longueur totale 242 cm.<br \/>\n886661779345 <\/p>\n<p>Cylindr\u00e9e 24.1<br \/>\nPuissance Puissance<\/p>\n<p>Puissance Puissance Puissance<br \/>\n1.20<br \/>\nCadence 4000<\/p>\n","protected":false},"excerpt":{"rendered":"<p>HL 94 C-E<\/p>\n","protected":false},"featured_media":430740,"template":"","meta":{"_seopress_robots_primary_cat":"none","_seopress_titles_title":"","_seopress_titles_desc":"","_seopress_robots_index":""},"product_brand":[3366],"product_cat":[29,493,267],"product_tag":[3265],"class_list":{"0":"post-465566","1":"product","2":"type-product","3":"status-publish","4":"has-post-thumbnail","6":"product_brand-stihl","7":"product_cat-macchinari","8":"product_cat-tosasiepi-e-potatori-a-motore","9":"product_cat-tosasiepi-e-potatori","10":"product_tag-import-stihl","11":"sws-gruppo-macchinari-fr","12":"sws-conto-ricavi-merci-rivendita-macchinari-fr","13":"sws-gruppo-iva-iva81-fr","15":"first","16":"onbackorder","17":"purchasable","18":"product-type-simple"},"_links":{"self":[{"href":"https:\/\/lucacastelli.com\/fr\/wp-json\/wp\/v2\/product\/465566","targetHints":{"allow":["GET"]}}],"collection":[{"href":"https:\/\/lucacastelli.com\/fr\/wp-json\/wp\/v2\/product"}],"about":[{"href":"https:\/\/lucacastelli.com\/fr\/wp-json\/wp\/v2\/types\/product"}],"wp:featuredmedia":[{"embeddable":true,"href":"https:\/\/lucacastelli.com\/fr\/wp-json\/wp\/v2\/media\/430740"}],"wp:attachment":[{"href":"https:\/\/lucacastelli.com\/fr\/wp-json\/wp\/v2\/media?parent=465566"}],"wp:term":[{"taxonomy":"product_brand","embeddable":true,"href":"https:\/\/lucacastelli.com\/fr\/wp-json\/wp\/v2\/product_brand?post=465566"},{"taxonomy":"product_cat","embeddable":true,"href":"https:\/\/lucacastelli.com\/fr\/wp-json\/wp\/v2\/product_cat?post=465566"},{"taxonomy":"product_tag","embeddable":true,"href":"https:\/\/lucacastelli.com\/fr\/wp-json\/wp\/v2\/product_tag?post=465566"}],"curies":[{"name":"wp","href":"https:\/\/api.w.org\/{rel}","templated":true}]}}