{"id":465557,"date":"2025-06-01T00:42:19","date_gmt":"2025-05-31T22:42:19","guid":{"rendered":"https:\/\/lucacastelli.com\/prodotto\/hs-45-450-mm-18-po\/"},"modified":"2025-07-08T13:24:01","modified_gmt":"2025-07-08T11:24:01","slug":"hs-45-450-mm-18-po","status":"publish","type":"product","link":"https:\/\/lucacastelli.com\/fr\/produit\/hs-45-450-mm-18-po\/","title":{"rendered":"STIHL HS 45, 450 mm\/18 po"},"content":{"rendered":"<p>Taille-haie moderne et particuli\u00e8rement l\u00e9ger pour les amateurs pour l\u2019entretien des haies dans le jardin domestique. Moteur de nouvelle g\u00e9n\u00e9ration. D\u2019excellents r\u00e9sultats de coupe gr\u00e2ce \u00e0 la nouvelle g\u00e9n\u00e9ration de lames et \u00e0 la nouvelle g\u00e9om\u00e9trie. Id\u00e9al pour l\u2019entretien des haies \u00e0 hauteur de poitrine et des buissons fa\u00e7onn\u00e9s.<br \/>\n886661909360   <\/p>\n<p>Cylindr\u00e9e 27.2<br \/>\nPuissance Puissance<\/p>\n<p>Puissance Puissance Puissance<br \/>\n1,00<br \/>\nVitesse de course 4000<\/p>\n","protected":false},"excerpt":{"rendered":"<p>HS 45, 450 mm\/18 po<\/p>\n","protected":false},"featured_media":430605,"template":"","meta":{"_seopress_robots_primary_cat":"none","_seopress_titles_title":"","_seopress_titles_desc":"","_seopress_robots_index":""},"product_brand":[3555],"product_cat":[167,1627,1690],"product_tag":[3267],"class_list":{"0":"post-465557","1":"product","2":"type-product","3":"status-publish","4":"has-post-thumbnail","6":"product_brand-stihl-fr","7":"product_cat-machines","8":"product_cat-taille-haies-et-elagueuses-a-moteur","9":"product_cat-taille-haies-et-elagueurs","10":"product_tag-import-stihl-fr","11":"sws-gruppo-macchinari-fr","12":"sws-conto-ricavi-merci-rivendita-macchinari-fr","13":"sws-gruppo-iva-iva81-fr","15":"first","16":"onbackorder","17":"purchasable","18":"product-type-simple"},"_links":{"self":[{"href":"https:\/\/lucacastelli.com\/fr\/wp-json\/wp\/v2\/product\/465557","targetHints":{"allow":["GET"]}}],"collection":[{"href":"https:\/\/lucacastelli.com\/fr\/wp-json\/wp\/v2\/product"}],"about":[{"href":"https:\/\/lucacastelli.com\/fr\/wp-json\/wp\/v2\/types\/product"}],"wp:featuredmedia":[{"embeddable":true,"href":"https:\/\/lucacastelli.com\/fr\/wp-json\/wp\/v2\/media\/430605"}],"wp:attachment":[{"href":"https:\/\/lucacastelli.com\/fr\/wp-json\/wp\/v2\/media?parent=465557"}],"wp:term":[{"taxonomy":"product_brand","embeddable":true,"href":"https:\/\/lucacastelli.com\/fr\/wp-json\/wp\/v2\/product_brand?post=465557"},{"taxonomy":"product_cat","embeddable":true,"href":"https:\/\/lucacastelli.com\/fr\/wp-json\/wp\/v2\/product_cat?post=465557"},{"taxonomy":"product_tag","embeddable":true,"href":"https:\/\/lucacastelli.com\/fr\/wp-json\/wp\/v2\/product_tag?post=465557"}],"curies":[{"name":"wp","href":"https:\/\/api.w.org\/{rel}","templated":true}]}}