{"id":465555,"date":"2025-06-01T00:41:45","date_gmt":"2025-05-31T22:41:45","guid":{"rendered":"https:\/\/lucacastelli.com\/prodotto\/hs-82-r-750-mm-30-po\/"},"modified":"2026-03-07T10:29:28","modified_gmt":"2026-03-07T09:29:28","slug":"hs-82-r-750-mm-30-po","status":"publish","type":"product","link":"https:\/\/lucacastelli.com\/fr\/produit\/hs-82-r-750-mm-30-po\/","title":{"rendered":"STIHL HS 82 R, 750 mm\/30 po"},"content":{"rendered":"<p>Taille-haie professionnel avec couteaux \u00e0 double tranchant<\/p>\n<p>Taille-haie professionnel avec couteaux \u00e0 double tranchant pour les travaux de d\u00e9grossissage. Convient aussi bien pour la coupe verticale qu\u2019horizontale gr\u00e2ce \u00e0 la poign\u00e9e pivotante. Faible poids et faibles vibrations. Engrenage d\u2019entra\u00eenement sp\u00e9cial avec 3 100 coups\/minute, donc avec une faible vitesse de couteau et une coupe plus puissante.<\/p>\n<p>Caract\u00e9ristiques techniques<\/p>\n<p>CO2 g\/kWh 967<br \/>\nCylindr\u00e9e cm\u00b3 22.7<br \/>\nPuissance kW\/HP 0.7\/1<br \/>\nPoids kg 1) 5.4<br \/>\nNiveau de pression acoustique dB(A) 2) 94<br \/>\nNiveau de puissance acoustique dB(A) 2) 106<br \/>\nValeur de vibration gauche\/droite m\/s\u00b2 3) 2.7\/3.1<br \/>\nPas des dents mm 38<\/p>\n<p>1) sans combustible, complet<br \/>\n2) facteur K selon RL 2006\/42\/CE = 2,0 dB(A)<br \/>\n3) facteur K selon RL 2006\/42\/CE = 2 m\/s\u00b2.<\/p>\n","protected":false},"excerpt":{"rendered":"<p>HS 82 R, 750 mm\/30 po<\/p>\n","protected":false},"featured_media":430569,"template":"","meta":{"_seopress_robots_primary_cat":"none","_seopress_titles_title":"","_seopress_titles_desc":"","_seopress_robots_index":""},"product_brand":[3555],"product_cat":[167,1690,1627],"product_tag":[3267],"class_list":{"0":"post-465555","1":"product","2":"type-product","3":"status-publish","4":"has-post-thumbnail","6":"product_brand-stihl-fr","7":"product_cat-machines","8":"product_cat-taille-haies-et-elagueurs","9":"product_cat-taille-haies-et-elagueuses-a-moteur","10":"product_tag-import-stihl-fr","11":"sws-gruppo-macchinari-fr","12":"sws-conto-ricavi-merci-rivendita-macchinari-fr","13":"sws-gruppo-iva-iva81-fr","15":"first","16":"onbackorder","17":"purchasable","18":"product-type-simple"},"_links":{"self":[{"href":"https:\/\/lucacastelli.com\/fr\/wp-json\/wp\/v2\/product\/465555","targetHints":{"allow":["GET"]}}],"collection":[{"href":"https:\/\/lucacastelli.com\/fr\/wp-json\/wp\/v2\/product"}],"about":[{"href":"https:\/\/lucacastelli.com\/fr\/wp-json\/wp\/v2\/types\/product"}],"wp:featuredmedia":[{"embeddable":true,"href":"https:\/\/lucacastelli.com\/fr\/wp-json\/wp\/v2\/media\/430569"}],"wp:attachment":[{"href":"https:\/\/lucacastelli.com\/fr\/wp-json\/wp\/v2\/media?parent=465555"}],"wp:term":[{"taxonomy":"product_brand","embeddable":true,"href":"https:\/\/lucacastelli.com\/fr\/wp-json\/wp\/v2\/product_brand?post=465555"},{"taxonomy":"product_cat","embeddable":true,"href":"https:\/\/lucacastelli.com\/fr\/wp-json\/wp\/v2\/product_cat?post=465555"},{"taxonomy":"product_tag","embeddable":true,"href":"https:\/\/lucacastelli.com\/fr\/wp-json\/wp\/v2\/product_tag?post=465555"}],"curies":[{"name":"wp","href":"https:\/\/api.w.org\/{rel}","templated":true}]}}