{"id":465550,"date":"2025-06-01T00:41:57","date_gmt":"2025-05-31T22:41:57","guid":{"rendered":"https:\/\/lucacastelli.com\/prodotto\/hs-82-t-600-mm-30-po\/"},"modified":"2026-02-11T07:53:26","modified_gmt":"2026-02-11T06:53:26","slug":"hs-82-t-600-mm-30-po","status":"publish","type":"product","link":"https:\/\/lucacastelli.com\/fr\/produit\/hs-82-t-600-mm-30-po\/","title":{"rendered":"STIHL HS 82 T, 600 mm\/30 po"},"content":{"rendered":"<p>Taille-haie professionnel \u00e0 lames \u00e0 double tranchant<\/p>\n<p>Taille-haie professionnel avec couteaux \u00e0 double tranchant en version tailleuse. Gr\u00e2ce \u00e0 la poign\u00e9e multifonction r\u00e9glable, il convient aussi bien \u00e0 la coupe verticale qu\u2019horizontale.  Faible poids et faibles vibrations. L\u2019engrenage a un rapport de transmission sp\u00e9cialement con\u00e7u qui permet jusqu\u2019\u00e0 5 100 coups\/minute, donc avec une vitesse de couteau \u00e9lev\u00e9e qui assure une coupe de finition parfaite.<\/p>\n<p>Caract\u00e9ristiques techniques<\/p>\n<p>CO2 g\/kWh 967<br \/>\nCylindr\u00e9e cm\u00b3 22.7<br \/>\nPuissance kW\/HP 0.7\/1<br \/>\nPoids kg 1) 5.1<br \/>\nNiveau de pression acoustique dB(A) 2) 95<br \/>\nNiveau de puissance acoustique dB(A) 2) 107<br \/>\nValeur de vibration gauche\/droite m\/s\u00b2 3) 2.7\/2.1<br \/>\nPas des dents mm 30<\/p>\n<p>1) sans combustible, complet<br \/>\n2) facteur K selon RL 2006\/42\/CE = 2,0 dB(A)<br \/>\n3) facteur K selon RL 2006\/42\/CE = 2 m\/s\u00b2.<\/p>\n","protected":false},"excerpt":{"rendered":"<p>HS 82 T, 600 mm\/30 po<\/p>\n","protected":false},"featured_media":430585,"template":"","meta":{"_seopress_robots_primary_cat":"none","_seopress_titles_title":"","_seopress_titles_desc":"","_seopress_robots_index":""},"product_brand":[3366],"product_cat":[29,493,267],"product_tag":[3265],"class_list":{"0":"post-465550","1":"product","2":"type-product","3":"status-publish","4":"has-post-thumbnail","6":"product_brand-stihl","7":"product_cat-macchinari","8":"product_cat-tosasiepi-e-potatori-a-motore","9":"product_cat-tosasiepi-e-potatori","10":"product_tag-import-stihl","11":"sws-gruppo-macchinari-fr","12":"sws-conto-ricavi-merci-rivendita-macchinari-fr","13":"sws-gruppo-iva-iva81-fr","15":"first","16":"onbackorder","17":"purchasable","18":"product-type-simple"},"_links":{"self":[{"href":"https:\/\/lucacastelli.com\/fr\/wp-json\/wp\/v2\/product\/465550","targetHints":{"allow":["GET"]}}],"collection":[{"href":"https:\/\/lucacastelli.com\/fr\/wp-json\/wp\/v2\/product"}],"about":[{"href":"https:\/\/lucacastelli.com\/fr\/wp-json\/wp\/v2\/types\/product"}],"wp:featuredmedia":[{"embeddable":true,"href":"https:\/\/lucacastelli.com\/fr\/wp-json\/wp\/v2\/media\/430585"}],"wp:attachment":[{"href":"https:\/\/lucacastelli.com\/fr\/wp-json\/wp\/v2\/media?parent=465550"}],"wp:term":[{"taxonomy":"product_brand","embeddable":true,"href":"https:\/\/lucacastelli.com\/fr\/wp-json\/wp\/v2\/product_brand?post=465550"},{"taxonomy":"product_cat","embeddable":true,"href":"https:\/\/lucacastelli.com\/fr\/wp-json\/wp\/v2\/product_cat?post=465550"},{"taxonomy":"product_tag","embeddable":true,"href":"https:\/\/lucacastelli.com\/fr\/wp-json\/wp\/v2\/product_tag?post=465550"}],"curies":[{"name":"wp","href":"https:\/\/api.w.org\/{rel}","templated":true}]}}