{"id":465546,"date":"2025-05-31T22:32:06","date_gmt":"2025-05-31T20:32:06","guid":{"rendered":"https:\/\/lucacastelli.com\/prodotto\/hsa-26-set-avec-as-2-et-al-1\/"},"modified":"2026-04-17T11:59:21","modified_gmt":"2026-04-17T09:59:21","slug":"hsa-26-set-avec-as-2-et-al-1","status":"publish","type":"product","link":"https:\/\/lucacastelli.com\/fr\/produit\/hsa-26-set-avec-as-2-et-al-1\/","title":{"rendered":"STIHL HSA 26, set avec AS 2 et AL 1"},"content":{"rendered":"<p>Taille-arbustes \u00e0 batterie l\u00e9ger et compact, avec lames pour<br \/>\ntailler et entretenir les petites haies persistantes et les plantes ornementales \u00e0<br \/>\npetites feuilles. Lames pour arbustes avec g\u00e9om\u00e9trie STIHL optimis\u00e9e pour des r\u00e9sultats excellents. Il est \u00e9galement \u00e9quip\u00e9 de couteaux pour couper l&#8217;herbe le long des bordures de pelouse. Poign\u00e9e caoutchout\u00e9e pour une ergonomie parfaite, changement de lames rapide et sans outil, avec<br \/>\nindicateur d&#8217;\u00e9tat de charge pour toujours contr\u00f4ler<br \/>\nla capacit\u00e9 r\u00e9siduelle de la batterie. La batterie AS 2 est exclusivement adapt\u00e9e aux produits du syst\u00e8me AS et n&#8217;est pas compatible avec la HSA 25.<br \/>\n886661931804<\/p>\n<p>Tension nominale 11<br \/>\nPuissance absorb\u00e9e Puissance absorb\u00e9e<\/p>\n<p>Puissance Puissance<br \/>\nSyst\u00e8me \u00e0 batterie AS<br \/>\nFr\u00e9quence de course 2200<\/p>\n","protected":false},"excerpt":{"rendered":"<p>HSA 26, set avec AS 2 et AL 1<\/p>\n","protected":false},"featured_media":832991,"template":"","meta":{"_seopress_robots_primary_cat":"none","_seopress_titles_title":"","_seopress_titles_desc":"","_seopress_robots_index":""},"product_brand":[3555],"product_cat":[167,1601,1626,1690],"product_tag":[3267],"class_list":{"0":"post-465546","1":"product","2":"type-product","3":"status-publish","4":"has-post-thumbnail","6":"product_brand-stihl-fr","7":"product_cat-machines","8":"product_cat-debroussailleuses-et-coupe-herbes-a-batterie","9":"product_cat-taille-haies-et-elagueurs-a-batterie","10":"product_cat-taille-haies-et-elagueurs","11":"product_tag-import-stihl-fr","12":"sws-gruppo-macchinari-fr","13":"sws-conto-ricavi-merci-rivendita-macchinari-fr","14":"sws-gruppo-iva-iva81-fr","16":"first","17":"onbackorder","18":"purchasable","19":"product-type-simple"},"_links":{"self":[{"href":"https:\/\/lucacastelli.com\/fr\/wp-json\/wp\/v2\/product\/465546","targetHints":{"allow":["GET"]}}],"collection":[{"href":"https:\/\/lucacastelli.com\/fr\/wp-json\/wp\/v2\/product"}],"about":[{"href":"https:\/\/lucacastelli.com\/fr\/wp-json\/wp\/v2\/types\/product"}],"wp:featuredmedia":[{"embeddable":true,"href":"https:\/\/lucacastelli.com\/fr\/wp-json\/wp\/v2\/media\/832991"}],"wp:attachment":[{"href":"https:\/\/lucacastelli.com\/fr\/wp-json\/wp\/v2\/media?parent=465546"}],"wp:term":[{"taxonomy":"product_brand","embeddable":true,"href":"https:\/\/lucacastelli.com\/fr\/wp-json\/wp\/v2\/product_brand?post=465546"},{"taxonomy":"product_cat","embeddable":true,"href":"https:\/\/lucacastelli.com\/fr\/wp-json\/wp\/v2\/product_cat?post=465546"},{"taxonomy":"product_tag","embeddable":true,"href":"https:\/\/lucacastelli.com\/fr\/wp-json\/wp\/v2\/product_tag?post=465546"}],"curies":[{"name":"wp","href":"https:\/\/api.w.org\/{rel}","templated":true}]}}