{"id":465541,"date":"2025-05-31T22:32:04","date_gmt":"2025-05-31T20:32:04","guid":{"rendered":"https:\/\/lucacastelli.com\/prodotto\/hsa-26-sans-batterie-ni-chargeur\/"},"modified":"2026-03-02T14:40:03","modified_gmt":"2026-03-02T13:40:03","slug":"hsa-26-sans-batterie-ni-chargeur","status":"publish","type":"product","link":"https:\/\/lucacastelli.com\/fr\/produit\/hsa-26-sans-batterie-ni-chargeur\/","title":{"rendered":"STIHL HSA 26, sans accu ni chargeur"},"content":{"rendered":"<p>Cisaille pour arbustes \u00e0 batterie l\u00e9g\u00e8re et compacte, avec lames pour<br \/>\ntailler et entretenir les petites haies persistantes et les plantes ornementales \u00e0<br \/>\npetites feuilles. Lames pour arbustes avec g\u00e9om\u00e9trie STIHL optimis\u00e9e pour des r\u00e9sultats excellents. Dispose \u00e9galement de lames pour couper l&#8217;herbe le long des bordures de pelouse. Poign\u00e9e caoutchout\u00e9e pour une ergonomie parfaite, changement de lames rapide et sans outil, avec indicateur d&#8217;\u00e9tat de charge pour toujours contr\u00f4ler la capacit\u00e9 r\u00e9siduelle de la batterie. La batterie AS 2 est exclusivement adapt\u00e9e aux produits du syst\u00e8me AS et n&#8217;est pas compatible avec la HSA 25.<br \/>\n886661869909    <\/p>\n<p>Tension nominale 11<br \/>\nPuissance absorb\u00e9e Puissance absorb\u00e9e<\/p>\n<p>Puissance Puissance<br \/>\nSyst\u00e8me \u00e0 batterie AS<br \/>\nFr\u00e9quence de course 2200<\/p>\n","protected":false},"excerpt":{"rendered":"<p>HSA 26, sans batterie ni chargeur<\/p>\n","protected":false},"featured_media":422557,"template":"","meta":{"_seopress_robots_primary_cat":"","_seopress_titles_title":"","_seopress_titles_desc":"","_seopress_robots_index":""},"product_brand":[3366],"product_cat":[29,281,282,267],"product_tag":[3265],"class_list":{"0":"post-465541","1":"product","2":"type-product","3":"status-publish","4":"has-post-thumbnail","6":"product_brand-stihl","7":"product_cat-macchinari","8":"product_cat-decespugliatori-e-tagliabordi-a-batteria","9":"product_cat-tosasiepi-e-potatori-a-batteria","10":"product_cat-tosasiepi-e-potatori","11":"product_tag-import-stihl","12":"sws-gruppo-macchinari-fr","13":"sws-conto-ricavi-merci-rivendita-macchinari-fr","14":"sws-gruppo-iva-iva81-fr","16":"first","17":"onbackorder","18":"purchasable","19":"product-type-simple"},"_links":{"self":[{"href":"https:\/\/lucacastelli.com\/fr\/wp-json\/wp\/v2\/product\/465541","targetHints":{"allow":["GET"]}}],"collection":[{"href":"https:\/\/lucacastelli.com\/fr\/wp-json\/wp\/v2\/product"}],"about":[{"href":"https:\/\/lucacastelli.com\/fr\/wp-json\/wp\/v2\/types\/product"}],"wp:featuredmedia":[{"embeddable":true,"href":"https:\/\/lucacastelli.com\/fr\/wp-json\/wp\/v2\/media\/422557"}],"wp:attachment":[{"href":"https:\/\/lucacastelli.com\/fr\/wp-json\/wp\/v2\/media?parent=465541"}],"wp:term":[{"taxonomy":"product_brand","embeddable":true,"href":"https:\/\/lucacastelli.com\/fr\/wp-json\/wp\/v2\/product_brand?post=465541"},{"taxonomy":"product_cat","embeddable":true,"href":"https:\/\/lucacastelli.com\/fr\/wp-json\/wp\/v2\/product_cat?post=465541"},{"taxonomy":"product_tag","embeddable":true,"href":"https:\/\/lucacastelli.com\/fr\/wp-json\/wp\/v2\/product_tag?post=465541"}],"curies":[{"name":"wp","href":"https:\/\/api.w.org\/{rel}","templated":true}]}}