{"id":465538,"date":"2025-05-31T22:14:19","date_gmt":"2025-05-31T20:14:19","guid":{"rendered":"https:\/\/lucacastelli.com\/prodotto\/hta-135-sans-batterie-ni-chargeur\/"},"modified":"2026-01-20T07:13:50","modified_gmt":"2026-01-20T06:13:50","slug":"hta-135-sans-batterie-ni-chargeur","status":"publish","type":"product","link":"https:\/\/lucacastelli.com\/fr\/produit\/hta-135-sans-batterie-ni-chargeur\/","title":{"rendered":"STIHL HTA 135, sans batterie ni chargeur"},"content":{"rendered":"<p>pL\u2019\u00e9lagueur sans fil STIHL le plus puissant. Silencieux et peu de vibrations. Pour les professionnels de l\u2019arboriculture, de l\u2019arboriculture et des collectivit\u00e9s. Pour l\u2019\u00e9lagage des arbres, l\u2019enl\u00e8vement du bois mort et abattu et la coupe des arbres fruitiers. Cha\u00eene PM3 de 3\/8 po, engrenages l\u00e9gers en magn\u00e9sium avec crochet de d\u00e9rivation robuste pour un retrait facile du mat\u00e9riel d\u2019\u00e9lagage. Perche t\u00e9lescopique professionnelle particuli\u00e8rement rigide avec r\u00e9glage rapide pour un positionnement et une coupe pr\u00e9cis. Activ\u00e9 pour STIHL Smart Connector 2 A dans le corps. Longueur totale 285-405 cm.\/p<br \/>\n886661662616<\/p>\n<p>Tension nominale 36<br \/>\nConsommation \u00e9lectrique Alimentation<\/p>\n<p>Syst\u00e8me d\u2019alimentation<br \/>\nAP<br \/>\nBatterie recommand\u00e9e Batterie AP 300 S<\/p>\n","protected":false},"excerpt":{"rendered":"<p>pL\u2019\u00e9lagueur sans fil STIHL le plus puissant. Silencieux et peu de vibrations. Pour les professionnels de l\u2019arboriculture, de l\u2019arboriculture et<\/p>\n","protected":false},"featured_media":436970,"template":"","meta":{"_seopress_robots_primary_cat":"","_seopress_titles_title":"","_seopress_titles_desc":"","_seopress_robots_index":""},"product_brand":[3366],"product_cat":[29,282,267],"product_tag":[3265],"class_list":{"0":"post-465538","1":"product","2":"type-product","3":"status-publish","4":"has-post-thumbnail","6":"product_brand-stihl","7":"product_cat-macchinari","8":"product_cat-tosasiepi-e-potatori-a-batteria","9":"product_cat-tosasiepi-e-potatori","10":"product_tag-import-stihl","11":"sws-gruppo-macchinari-fr","12":"sws-conto-ricavi-merci-rivendita-macchinari-fr","13":"sws-gruppo-iva-iva81-fr","15":"first","16":"onbackorder","17":"purchasable","18":"product-type-simple"},"_links":{"self":[{"href":"https:\/\/lucacastelli.com\/fr\/wp-json\/wp\/v2\/product\/465538","targetHints":{"allow":["GET"]}}],"collection":[{"href":"https:\/\/lucacastelli.com\/fr\/wp-json\/wp\/v2\/product"}],"about":[{"href":"https:\/\/lucacastelli.com\/fr\/wp-json\/wp\/v2\/types\/product"}],"wp:featuredmedia":[{"embeddable":true,"href":"https:\/\/lucacastelli.com\/fr\/wp-json\/wp\/v2\/media\/436970"}],"wp:attachment":[{"href":"https:\/\/lucacastelli.com\/fr\/wp-json\/wp\/v2\/media?parent=465538"}],"wp:term":[{"taxonomy":"product_brand","embeddable":true,"href":"https:\/\/lucacastelli.com\/fr\/wp-json\/wp\/v2\/product_brand?post=465538"},{"taxonomy":"product_cat","embeddable":true,"href":"https:\/\/lucacastelli.com\/fr\/wp-json\/wp\/v2\/product_cat?post=465538"},{"taxonomy":"product_tag","embeddable":true,"href":"https:\/\/lucacastelli.com\/fr\/wp-json\/wp\/v2\/product_tag?post=465538"}],"curies":[{"name":"wp","href":"https:\/\/api.w.org\/{rel}","templated":true}]}}