{"id":465532,"date":"2025-05-31T22:14:18","date_gmt":"2025-05-31T20:14:18","guid":{"rendered":"https:\/\/lucacastelli.com\/prodotto\/hta-150-sans-batterie-ni-chargeur\/"},"modified":"2026-03-02T09:49:17","modified_gmt":"2026-03-02T08:49:17","slug":"hta-150-sans-batterie-ni-chargeur","status":"publish","type":"product","link":"https:\/\/lucacastelli.com\/fr\/produit\/hta-150-sans-batterie-ni-chargeur\/","title":{"rendered":"STIHL HTA 150, sans batterie ni chargeur"},"content":{"rendered":"<p>Pour des interventions arboricoles professionnelles en bois ou au niveau communal. S\u00e9cateur sans fil STIHL particuli\u00e8rement puissant pour les travaux d\u2019entretien professionnels et, en particulier, comme tron\u00e7onneuse foresti\u00e8re pour la r\u00e9g\u00e9n\u00e9ration des for\u00eats. Silencieux et peu de vibrations. Cha\u00eene 3?8&#8243;-PM3, arbre court et rigide pour une coupe pr\u00e9cise, poign\u00e9e ergonomique avec affichage LED, engrenages en magn\u00e9sium l\u00e9gers et robustes, crochet de branche montable pour un retrait facile du mat\u00e9riel d\u2019\u00e9lagage. Poign\u00e9e circulaire et Flexband HT. Disponible en option avec la bandouli\u00e8re foresti\u00e8re STIHL ADVANCE X-TREEm HT pour une r\u00e9g\u00e9n\u00e9ration foresti\u00e8re particuli\u00e8rement ergonomique et efficace. Pr\u00e9paration pour le STIHL Smart Connector 2 A dans le bo\u00eetier de l\u2019outil. Longueur totale 196 cm\/p<br \/>\n886661662524<\/p>\n<p>Tension nominale 36<br \/>\nConsommation \u00e9lectrique Consommation \u00e9lectrique<\/p>\n<p>Alimentation Syst\u00e8me de<br \/>\nbatterie AP<br \/>\nBatterie recommand\u00e9e AP 300 S<\/p>\n","protected":false},"excerpt":{"rendered":"<p>Pour des interventions arboricoles professionnelles en bois ou au niveau communal. S\u00e9cateur sans fil STIHL particuli\u00e8rement puissant pour les travaux<\/p>\n","protected":false},"featured_media":436957,"template":"","meta":{"_seopress_robots_primary_cat":"","_seopress_titles_title":"","_seopress_titles_desc":"","_seopress_robots_index":""},"product_brand":[3366],"product_cat":[29,282,267],"product_tag":[3265],"class_list":{"0":"post-465532","1":"product","2":"type-product","3":"status-publish","4":"has-post-thumbnail","6":"product_brand-stihl","7":"product_cat-macchinari","8":"product_cat-tosasiepi-e-potatori-a-batteria","9":"product_cat-tosasiepi-e-potatori","10":"product_tag-import-stihl","11":"sws-gruppo-macchinari-fr","12":"sws-conto-ricavi-merci-rivendita-macchinari-fr","13":"sws-gruppo-iva-iva81-fr","15":"first","16":"onbackorder","17":"purchasable","18":"product-type-simple"},"_links":{"self":[{"href":"https:\/\/lucacastelli.com\/fr\/wp-json\/wp\/v2\/product\/465532","targetHints":{"allow":["GET"]}}],"collection":[{"href":"https:\/\/lucacastelli.com\/fr\/wp-json\/wp\/v2\/product"}],"about":[{"href":"https:\/\/lucacastelli.com\/fr\/wp-json\/wp\/v2\/types\/product"}],"wp:featuredmedia":[{"embeddable":true,"href":"https:\/\/lucacastelli.com\/fr\/wp-json\/wp\/v2\/media\/436957"}],"wp:attachment":[{"href":"https:\/\/lucacastelli.com\/fr\/wp-json\/wp\/v2\/media?parent=465532"}],"wp:term":[{"taxonomy":"product_brand","embeddable":true,"href":"https:\/\/lucacastelli.com\/fr\/wp-json\/wp\/v2\/product_brand?post=465532"},{"taxonomy":"product_cat","embeddable":true,"href":"https:\/\/lucacastelli.com\/fr\/wp-json\/wp\/v2\/product_cat?post=465532"},{"taxonomy":"product_tag","embeddable":true,"href":"https:\/\/lucacastelli.com\/fr\/wp-json\/wp\/v2\/product_tag?post=465532"}],"curies":[{"name":"wp","href":"https:\/\/api.w.org\/{rel}","templated":true}]}}