{"id":465526,"date":"2025-05-31T22:01:54","date_gmt":"2025-05-31T20:01:54","guid":{"rendered":"https:\/\/lucacastelli.com\/prodotto\/hsa-140-t-75-cm-sans-batterie-ni-chargeur\/"},"modified":"2025-10-22T12:19:23","modified_gmt":"2025-10-22T10:19:23","slug":"hsa-140-t-75-cm-sans-batterie-ni-chargeur","status":"publish","type":"product","link":"https:\/\/lucacastelli.com\/fr\/produit\/hsa-140-t-75-cm-sans-batterie-ni-chargeur\/","title":{"rendered":"STIHL HSA 140 T, 75 cm, sans batterie ni chargeur"},"content":{"rendered":"<p>Taille-haie professionnel \u00e0 batterie extr\u00eamement puissant et robuste, avec des lames aff\u00fbt\u00e9es des deux c\u00f4t\u00e9s dans la version d\u2019\u00e9lagage. Vitesse de lame \u00e9lev\u00e9e pour des coupes nettes. Poign\u00e9e multifonction rotative avec vitesse r\u00e9glable \u00e0 3 niveaux, lames \u00e0 faible frottement, protection contre la coupe et guide \u00e0 visser. Faibles valeurs de bruit et de vibrations. Fonctionnement avec une pile AP enfichable de STIHL Pr\u00e9paration pour le STIHL Smart Connector 2 A dans le corps de l\u2019appareil.\/p<br \/>\n886661677870<\/p>\n<p>Tension nominale 36<br \/>\nConsommation \u00e9lectrique Consommation \u00e9lectrique<\/p>\n<p>Alimentation Syst\u00e8me d\u2019alimentation<br \/>\nAP<br \/>\nBatterie recommand\u00e9e AP 200 S<\/p>\n","protected":false},"excerpt":{"rendered":"<p>Taille-haie professionnel \u00e0 batterie extr\u00eamement puissant et robuste, avec des lames aff\u00fbt\u00e9es des deux c\u00f4t\u00e9s dans la version d\u2019\u00e9lagage. Vitesse<\/p>\n","protected":false},"featured_media":436502,"template":"","meta":{"_seopress_robots_primary_cat":"","_seopress_titles_title":"","_seopress_titles_desc":"","_seopress_robots_index":""},"product_brand":[3366],"product_cat":[29,282,267],"product_tag":[3265],"class_list":{"0":"post-465526","1":"product","2":"type-product","3":"status-publish","4":"has-post-thumbnail","6":"product_brand-stihl","7":"product_cat-macchinari","8":"product_cat-tosasiepi-e-potatori-a-batteria","9":"product_cat-tosasiepi-e-potatori","10":"product_tag-import-stihl","11":"sws-gruppo-macchinari","12":"sws-conto-ricavi-merci-rivendita-macchinari","13":"sws-gruppo-iva-iva81","15":"first","16":"onbackorder","17":"purchasable","18":"product-type-simple"},"_links":{"self":[{"href":"https:\/\/lucacastelli.com\/fr\/wp-json\/wp\/v2\/product\/465526","targetHints":{"allow":["GET"]}}],"collection":[{"href":"https:\/\/lucacastelli.com\/fr\/wp-json\/wp\/v2\/product"}],"about":[{"href":"https:\/\/lucacastelli.com\/fr\/wp-json\/wp\/v2\/types\/product"}],"wp:featuredmedia":[{"embeddable":true,"href":"https:\/\/lucacastelli.com\/fr\/wp-json\/wp\/v2\/media\/436502"}],"wp:attachment":[{"href":"https:\/\/lucacastelli.com\/fr\/wp-json\/wp\/v2\/media?parent=465526"}],"wp:term":[{"taxonomy":"product_brand","embeddable":true,"href":"https:\/\/lucacastelli.com\/fr\/wp-json\/wp\/v2\/product_brand?post=465526"},{"taxonomy":"product_cat","embeddable":true,"href":"https:\/\/lucacastelli.com\/fr\/wp-json\/wp\/v2\/product_cat?post=465526"},{"taxonomy":"product_tag","embeddable":true,"href":"https:\/\/lucacastelli.com\/fr\/wp-json\/wp\/v2\/product_tag?post=465526"}],"curies":[{"name":"wp","href":"https:\/\/api.w.org\/{rel}","templated":true}]}}