{"id":465523,"date":"2025-05-31T22:03:02","date_gmt":"2025-05-31T20:03:02","guid":{"rendered":"https:\/\/lucacastelli.com\/prodotto\/hla-135-sans-courant-alternatif-ni-chargeur\/"},"modified":"2025-10-22T12:19:22","modified_gmt":"2025-10-22T10:19:22","slug":"hla-135-sans-courant-alternatif-ni-chargeur","status":"publish","type":"product","link":"https:\/\/lucacastelli.com\/fr\/produit\/hla-135-sans-courant-alternatif-ni-chargeur\/","title":{"rendered":"STIHL HLA 135, sans courant alternatif ni chargeur"},"content":{"rendered":"<p>pLe taille-haie allong\u00e9 sans fil le plus puissant de la gamme STIHL utilisation professionnelle dans les zones sensibles au bruit. Pour couper les arbustes, les arbustes et les plantes au niveau du sol. Couteau r\u00e9glable \u00e0 145 degr\u00e9s sans l\u2019utilisation d\u2019outils pour couper les profils sup\u00e9rieur, inf\u00e9rieur et lat\u00e9ral. Lames aff\u00fbt\u00e9es des deux c\u00f4t\u00e9s pour une coupe pr\u00e9cise. Levier de commande intuitif avec affichage LED. Compatible avec STIHL 2 A. Longueur totale 249 cm.\/p<br \/>\n886661490592<\/p>\n<p>Tension nominale 36<br \/>\nConsommation \u00e9lectrique Consommation \u00e9lectrique<\/p>\n<p>Puissance Puissance Puissance de la batterie recommand\u00e9e<br \/>\nAP 200<br \/>\nSyst\u00e8me de batterie AP<\/p>\n","protected":false},"excerpt":{"rendered":"<p>pLe taille-haie allong\u00e9 sans fil le plus puissant de la gamme STIHL utilisation professionnelle dans les zones sensibles au bruit.<\/p>\n","protected":false},"featured_media":436656,"template":"","meta":{"_seopress_robots_primary_cat":"","_seopress_titles_title":"","_seopress_titles_desc":"","_seopress_robots_index":""},"product_brand":[3366],"product_cat":[29,282,267],"product_tag":[3265],"class_list":{"0":"post-465523","1":"product","2":"type-product","3":"status-publish","4":"has-post-thumbnail","6":"product_brand-stihl","7":"product_cat-macchinari","8":"product_cat-tosasiepi-e-potatori-a-batteria","9":"product_cat-tosasiepi-e-potatori","10":"product_tag-import-stihl","11":"sws-gruppo-macchinari-fr","12":"sws-conto-ricavi-merci-rivendita-macchinari-fr","13":"sws-gruppo-iva-iva81-fr","15":"first","16":"onbackorder","17":"purchasable","18":"product-type-simple"},"_links":{"self":[{"href":"https:\/\/lucacastelli.com\/fr\/wp-json\/wp\/v2\/product\/465523","targetHints":{"allow":["GET"]}}],"collection":[{"href":"https:\/\/lucacastelli.com\/fr\/wp-json\/wp\/v2\/product"}],"about":[{"href":"https:\/\/lucacastelli.com\/fr\/wp-json\/wp\/v2\/types\/product"}],"wp:featuredmedia":[{"embeddable":true,"href":"https:\/\/lucacastelli.com\/fr\/wp-json\/wp\/v2\/media\/436656"}],"wp:attachment":[{"href":"https:\/\/lucacastelli.com\/fr\/wp-json\/wp\/v2\/media?parent=465523"}],"wp:term":[{"taxonomy":"product_brand","embeddable":true,"href":"https:\/\/lucacastelli.com\/fr\/wp-json\/wp\/v2\/product_brand?post=465523"},{"taxonomy":"product_cat","embeddable":true,"href":"https:\/\/lucacastelli.com\/fr\/wp-json\/wp\/v2\/product_cat?post=465523"},{"taxonomy":"product_tag","embeddable":true,"href":"https:\/\/lucacastelli.com\/fr\/wp-json\/wp\/v2\/product_tag?post=465523"}],"curies":[{"name":"wp","href":"https:\/\/api.w.org\/{rel}","templated":true}]}}