{"id":465514,"date":"2025-05-31T22:01:47","date_gmt":"2025-05-31T20:01:47","guid":{"rendered":"https:\/\/lucacastelli.com\/prodotto\/hsa-140-r-60-cm-sans-batterie-ni-chargeur\/"},"modified":"2025-06-29T13:40:32","modified_gmt":"2025-06-29T11:40:32","slug":"hsa-140-r-60-cm-sans-batterie-ni-chargeur","status":"publish","type":"product","link":"https:\/\/lucacastelli.com\/fr\/produit\/hsa-140-r-60-cm-sans-batterie-ni-chargeur\/","title":{"rendered":"STIHL HSA 140 R, 60 cm, sans batterie ni chargeur"},"content":{"rendered":"<p>Taille-haie \u00e0 batterie robuste et extr\u00eamement puissant avec lames aff\u00fbt\u00e9es des deux c\u00f4t\u00e9s en version \u00e9lagage. Faible vitesse de la lame pour des coupes puissantes. Moteur \u00e9lectrique pour des performances constantes et une longue dur\u00e9e de vie. Poign\u00e9e multifonction rotative avec vitesse r\u00e9glable sur 3 niveaux, lames de scie \u00e0 faible frottement, protection de coupe et guide \u00e0 visser. Faibles valeurs de bruit et de vibrations. Fonctionnement sur batterie AP enfichable. Pr\u00e9paration STIHL Smart Connector 2 A dans le corps de l\u2019appareil.\/p<br \/>\n886661624652<\/p>\n<p>Tension nominale 36<br \/>\nConsommation \u00e9lectrique Consommation \u00e9lectrique<\/p>\n<p>Puissance Puissance Syst\u00e8me de batterie AP<br \/>\nBatterie recommand\u00e9e<br \/>\nAP 200 S<\/p>\n","protected":false},"excerpt":{"rendered":"<p>Taille-haie \u00e0 batterie robuste et extr\u00eamement puissant avec lames aff\u00fbt\u00e9es des deux c\u00f4t\u00e9s en version \u00e9lagage. Faible vitesse de la<\/p>\n","protected":false},"featured_media":436488,"template":"","meta":{"_seopress_robots_primary_cat":"","_seopress_titles_title":"","_seopress_titles_desc":"","_seopress_robots_index":""},"product_brand":[3366],"product_cat":[29,282,267],"product_tag":[3265],"class_list":{"0":"post-465514","1":"product","2":"type-product","3":"status-publish","4":"has-post-thumbnail","6":"product_brand-stihl","7":"product_cat-macchinari","8":"product_cat-tosasiepi-e-potatori-a-batteria","9":"product_cat-tosasiepi-e-potatori","10":"product_tag-import-stihl","11":"sws-gruppo-macchinari-fr","12":"sws-conto-ricavi-merci-rivendita-macchinari-fr","13":"sws-gruppo-iva-iva81-fr","15":"first","16":"onbackorder","17":"purchasable","18":"product-type-simple"},"_links":{"self":[{"href":"https:\/\/lucacastelli.com\/fr\/wp-json\/wp\/v2\/product\/465514","targetHints":{"allow":["GET"]}}],"collection":[{"href":"https:\/\/lucacastelli.com\/fr\/wp-json\/wp\/v2\/product"}],"about":[{"href":"https:\/\/lucacastelli.com\/fr\/wp-json\/wp\/v2\/types\/product"}],"wp:featuredmedia":[{"embeddable":true,"href":"https:\/\/lucacastelli.com\/fr\/wp-json\/wp\/v2\/media\/436488"}],"wp:attachment":[{"href":"https:\/\/lucacastelli.com\/fr\/wp-json\/wp\/v2\/media?parent=465514"}],"wp:term":[{"taxonomy":"product_brand","embeddable":true,"href":"https:\/\/lucacastelli.com\/fr\/wp-json\/wp\/v2\/product_brand?post=465514"},{"taxonomy":"product_cat","embeddable":true,"href":"https:\/\/lucacastelli.com\/fr\/wp-json\/wp\/v2\/product_cat?post=465514"},{"taxonomy":"product_tag","embeddable":true,"href":"https:\/\/lucacastelli.com\/fr\/wp-json\/wp\/v2\/product_tag?post=465514"}],"curies":[{"name":"wp","href":"https:\/\/api.w.org\/{rel}","templated":true}]}}