{"id":465513,"date":"2025-05-31T21:59:56","date_gmt":"2025-05-31T19:59:56","guid":{"rendered":"https:\/\/lucacastelli.com\/prodotto\/hsa-100-60-cm-sans-batterie-ni-chargeur\/"},"modified":"2026-04-16T21:26:11","modified_gmt":"2026-04-16T19:26:11","slug":"hsa-100-60-cm-sans-batterie-ni-chargeur","status":"publish","type":"product","link":"https:\/\/lucacastelli.com\/fr\/produit\/hsa-100-60-cm-sans-batterie-ni-chargeur\/","title":{"rendered":"STIHL HSA 100, 60 cm, sans batterie ni chargeur"},"content":{"rendered":"<p>pPuissant taille-haies universel pour une utilisation dans des zones sensibles au bruit. Lames doubles durables avec un \u00e9cartement des dents de 34 mm pour des performances de coupe excellentes et une rapidit\u00e9 de travail. Utilisation ergonomique et confortable m\u00eame pour des p\u00e9riodes d&#8217;emploi prolong\u00e9es, gr\u00e2ce \u00e0 l&#8217;excellent \u00e9quilibrage de l&#8217;outil, \u00e0 la poign\u00e9e multifonction orientable, \u00e0 la poign\u00e9e en arche avec interrupteur int\u00e9gr\u00e9 et au syst\u00e8me antivibration STIHL. Syst\u00e8me anti-blocage pour changer facilement le sens de rotation des lames en cas de blocage. Moteur \u00e9lectrique pour des performances constantes et une longue dur\u00e9e de vie. Protection de coupe viss\u00e9e, protection du guide des lames pour des travaux \u00e0 faible usure pr\u00e8s du sol ou le long de murets.\/p<br \/>\n795711859367<\/p>\n<p>Tension nominale 36<br \/>\nPuissance absorb\u00e9e Puissance absorb\u00e9e<\/p>\n<p>Puissance Puissance<br \/>\nSyst\u00e8me \u00e0 batterie AP<br \/>\nBatterie recommand\u00e9e AP 200<\/p>\n","protected":false},"excerpt":{"rendered":"<p>pPuissant taille-haies universel pour une utilisation dans des zones sensibles au bruit. Lames doubles durables avec un \u00e9cartement des dents<\/p>\n","protected":false},"featured_media":436310,"template":"","meta":{"_seopress_robots_primary_cat":"none","_seopress_titles_title":"","_seopress_titles_desc":"","_seopress_robots_index":""},"product_brand":[3555],"product_cat":[167,1690,1626],"product_tag":[3267],"class_list":{"0":"post-465513","1":"product","2":"type-product","3":"status-publish","4":"has-post-thumbnail","6":"product_brand-stihl-fr","7":"product_cat-machines","8":"product_cat-taille-haies-et-elagueurs","9":"product_cat-taille-haies-et-elagueurs-a-batterie","10":"product_tag-import-stihl-fr","11":"sws-gruppo-macchinari-fr","12":"sws-conto-ricavi-merci-rivendita-macchinari-fr","13":"sws-gruppo-iva-iva81-fr","15":"first","16":"onbackorder","17":"purchasable","18":"product-type-simple"},"_links":{"self":[{"href":"https:\/\/lucacastelli.com\/fr\/wp-json\/wp\/v2\/product\/465513","targetHints":{"allow":["GET"]}}],"collection":[{"href":"https:\/\/lucacastelli.com\/fr\/wp-json\/wp\/v2\/product"}],"about":[{"href":"https:\/\/lucacastelli.com\/fr\/wp-json\/wp\/v2\/types\/product"}],"wp:featuredmedia":[{"embeddable":true,"href":"https:\/\/lucacastelli.com\/fr\/wp-json\/wp\/v2\/media\/436310"}],"wp:attachment":[{"href":"https:\/\/lucacastelli.com\/fr\/wp-json\/wp\/v2\/media?parent=465513"}],"wp:term":[{"taxonomy":"product_brand","embeddable":true,"href":"https:\/\/lucacastelli.com\/fr\/wp-json\/wp\/v2\/product_brand?post=465513"},{"taxonomy":"product_cat","embeddable":true,"href":"https:\/\/lucacastelli.com\/fr\/wp-json\/wp\/v2\/product_cat?post=465513"},{"taxonomy":"product_tag","embeddable":true,"href":"https:\/\/lucacastelli.com\/fr\/wp-json\/wp\/v2\/product_tag?post=465513"}],"curies":[{"name":"wp","href":"https:\/\/api.w.org\/{rel}","templated":true}]}}