{"id":465505,"date":"2025-05-31T21:59:34","date_gmt":"2025-05-31T19:59:34","guid":{"rendered":"https:\/\/lucacastelli.com\/prodotto\/hsa-50-avec-ak-10-et-al-101\/"},"modified":"2026-04-16T21:22:55","modified_gmt":"2026-04-16T19:22:55","slug":"hsa-50-avec-ak-10-et-al-101","status":"publish","type":"product","link":"https:\/\/lucacastelli.com\/fr\/produit\/hsa-50-avec-ak-10-et-al-101\/","title":{"rendered":"STIHL HSA 50, avec AK 10 et AL 101"},"content":{"rendered":"<p>pTaille-haie sur batterie l\u00e9ger et silencieux pour l&#8217;\u00e9lagage de buissons, arbustes et haies de taille moyenne. Lames d\u00e9coup\u00e9es au laser, diamant\u00e9es et tremp\u00e9es, g\u00e9om\u00e9trie des lames en forme de goutte brevet\u00e9e pour des coupes parfaites et une haie saine. Travail confortable et sans effort gr\u00e2ce \u00e0 l&#8217;\u00e9quilibre optimal de l&#8217;appareil, \u00e0 la poign\u00e9e de commande de forme ergonomique, \u00e0 la poign\u00e9e en arceau avec interrupteur int\u00e9gr\u00e9 et au poids r\u00e9duit. Protection de la barre de coupe viss\u00e9e pour des travaux peu usants pr\u00e8s du sol ou le long des murets.\/p<br \/>\n795711892623<\/p>\n<p>Tension nominale 36<br \/>\nPuissance absorb\u00e9e Puissance absorb\u00e9e<\/p>\n<p>Puissance Puissance<br \/>\nSyst\u00e8me de batterie AK<br \/>\nBatterie recommand\u00e9e AK 10<\/p>\n","protected":false},"excerpt":{"rendered":"<p>pTaille-haie sur batterie l\u00e9ger et silencieux pour l&#8217;\u00e9lagage de buissons, arbustes et haies de taille moyenne. Lames d\u00e9coup\u00e9es au laser,<\/p>\n","protected":false},"featured_media":436265,"template":"","meta":{"_seopress_robots_primary_cat":"none","_seopress_titles_title":"","_seopress_titles_desc":"","_seopress_robots_index":""},"product_brand":[3366],"product_cat":[29,282,267],"product_tag":[3265],"class_list":{"0":"post-465505","1":"product","2":"type-product","3":"status-publish","4":"has-post-thumbnail","6":"product_brand-stihl","7":"product_cat-macchinari","8":"product_cat-tosasiepi-e-potatori-a-batteria","9":"product_cat-tosasiepi-e-potatori","10":"product_tag-import-stihl","11":"sws-gruppo-macchinari-fr","12":"sws-conto-ricavi-merci-rivendita-macchinari-fr","13":"sws-gruppo-iva-iva81-fr","15":"first","16":"onbackorder","17":"purchasable","18":"product-type-simple"},"_links":{"self":[{"href":"https:\/\/lucacastelli.com\/fr\/wp-json\/wp\/v2\/product\/465505","targetHints":{"allow":["GET"]}}],"collection":[{"href":"https:\/\/lucacastelli.com\/fr\/wp-json\/wp\/v2\/product"}],"about":[{"href":"https:\/\/lucacastelli.com\/fr\/wp-json\/wp\/v2\/types\/product"}],"wp:featuredmedia":[{"embeddable":true,"href":"https:\/\/lucacastelli.com\/fr\/wp-json\/wp\/v2\/media\/436265"}],"wp:attachment":[{"href":"https:\/\/lucacastelli.com\/fr\/wp-json\/wp\/v2\/media?parent=465505"}],"wp:term":[{"taxonomy":"product_brand","embeddable":true,"href":"https:\/\/lucacastelli.com\/fr\/wp-json\/wp\/v2\/product_brand?post=465505"},{"taxonomy":"product_cat","embeddable":true,"href":"https:\/\/lucacastelli.com\/fr\/wp-json\/wp\/v2\/product_cat?post=465505"},{"taxonomy":"product_tag","embeddable":true,"href":"https:\/\/lucacastelli.com\/fr\/wp-json\/wp\/v2\/product_tag?post=465505"}],"curies":[{"name":"wp","href":"https:\/\/api.w.org\/{rel}","templated":true}]}}