{"id":465501,"date":"2025-05-31T21:59:52","date_gmt":"2025-05-31T19:59:52","guid":{"rendered":"https:\/\/lucacastelli.com\/prodotto\/hsa-60-sans-batterie-ni-chargeur\/"},"modified":"2025-10-08T12:15:37","modified_gmt":"2025-10-08T10:15:37","slug":"hsa-60-sans-batterie-ni-chargeur","status":"publish","type":"product","link":"https:\/\/lucacastelli.com\/fr\/produit\/hsa-60-sans-batterie-ni-chargeur\/","title":{"rendered":"STIHL HSA 60, sans batterie ni chargeur"},"content":{"rendered":"<p>Taille-haies sans fil avec des performances de coupe particuli\u00e8rement puissantes pour les applications exigeantes, par exemple pour l\u2019\u00e9lagage des buissons et des haies hautes. Couteaux d\u00e9coup\u00e9s au laser, aff\u00fbt\u00e9s au diamant et tremp\u00e9s, g\u00e9om\u00e9trie de lame brevet\u00e9e en forme de goutte d\u2019eau pour des coupes parfaites et une haie saine. \u00c9quilibre optimal de l\u2019outil, poign\u00e9e multifonction pivotante, poign\u00e9e de serre-t\u00eate avec interrupteur interne et syst\u00e8me anti-vibration STIHL pour un travail ergonomique et sans effort. Syst\u00e8me anti-bourrage pour changer facilement le sens de rotation des couteaux en cas de blocage. Moteur EC pour des performances constantes et une longue dur\u00e9e de vie. Protection contre les coupures et protection de guidage \u00e0 visser pour un travail \u00e0 faible usure pr\u00e8s du sol ou le long des murs.\/p<br \/>\n795711720643<\/p>\n<p>Tension nominale 36<br \/>\nConsommation \u00e9lectrique Consommation \u00e9lectrique<\/p>\n<p>Alimentation Syst\u00e8me de<br \/>\nbatterie Power AK<br \/>\nBatterie recommand\u00e9e AK 10<\/p>\n","protected":false},"excerpt":{"rendered":"<p>Taille-haies sans fil avec des performances de coupe particuli\u00e8rement puissantes pour les applications exigeantes, par exemple pour l\u2019\u00e9lagage des buissons<\/p>\n","protected":false},"featured_media":436292,"template":"","meta":{"_seopress_robots_primary_cat":"","_seopress_titles_title":"","_seopress_titles_desc":"","_seopress_robots_index":""},"product_brand":[3366],"product_cat":[29,282,267],"product_tag":[3265],"class_list":{"0":"post-465501","1":"product","2":"type-product","3":"status-publish","4":"has-post-thumbnail","6":"product_brand-stihl","7":"product_cat-macchinari","8":"product_cat-tosasiepi-e-potatori-a-batteria","9":"product_cat-tosasiepi-e-potatori","10":"product_tag-import-stihl","11":"sws-gruppo-macchinari-fr","12":"sws-conto-ricavi-merci-rivendita-macchinari-fr","13":"sws-gruppo-iva-iva81-fr","15":"first","16":"onbackorder","17":"purchasable","18":"product-type-simple"},"_links":{"self":[{"href":"https:\/\/lucacastelli.com\/fr\/wp-json\/wp\/v2\/product\/465501","targetHints":{"allow":["GET"]}}],"collection":[{"href":"https:\/\/lucacastelli.com\/fr\/wp-json\/wp\/v2\/product"}],"about":[{"href":"https:\/\/lucacastelli.com\/fr\/wp-json\/wp\/v2\/types\/product"}],"wp:featuredmedia":[{"embeddable":true,"href":"https:\/\/lucacastelli.com\/fr\/wp-json\/wp\/v2\/media\/436292"}],"wp:attachment":[{"href":"https:\/\/lucacastelli.com\/fr\/wp-json\/wp\/v2\/media?parent=465501"}],"wp:term":[{"taxonomy":"product_brand","embeddable":true,"href":"https:\/\/lucacastelli.com\/fr\/wp-json\/wp\/v2\/product_brand?post=465501"},{"taxonomy":"product_cat","embeddable":true,"href":"https:\/\/lucacastelli.com\/fr\/wp-json\/wp\/v2\/product_cat?post=465501"},{"taxonomy":"product_tag","embeddable":true,"href":"https:\/\/lucacastelli.com\/fr\/wp-json\/wp\/v2\/product_tag?post=465501"}],"curies":[{"name":"wp","href":"https:\/\/api.w.org\/{rel}","templated":true}]}}