{"id":465499,"date":"2025-05-31T21:59:33","date_gmt":"2025-05-31T19:59:33","guid":{"rendered":"https:\/\/lucacastelli.com\/prodotto\/hsa-50-sans-batterie-ni-chargeur\/"},"modified":"2025-11-26T22:02:13","modified_gmt":"2025-11-26T21:02:13","slug":"hsa-50-sans-batterie-ni-chargeur","status":"publish","type":"product","link":"https:\/\/lucacastelli.com\/fr\/produit\/hsa-50-sans-batterie-ni-chargeur\/","title":{"rendered":"STIHL HSA 50, sans batterie ni chargeur"},"content":{"rendered":"<p>Taille-haie \u00e0 batterie, l\u00e9ger et silencieux, pour l\u2019\u00e9lagage des buissons, des arbustes et des haies de taille moyenne. Couteaux d\u00e9coup\u00e9s au laser, aff\u00fbt\u00e9s au diamant et tremp\u00e9s, g\u00e9om\u00e9trie de lame brevet\u00e9e en forme de goutte d\u2019eau pour des coupes parfaites et une haie saine. Travail confortable et sans effort gr\u00e2ce \u00e0 un \u00e9quilibre optimal de l\u2019outil, une poign\u00e9e de commande ergonomique, une poign\u00e9e de serre-t\u00eate avec interrupteur interne et un faible poids. Protection de coupure et protection de guidage \u00e0 visser pour un travail \u00e0 faible usure pr\u00e8s du sol ou le long des murs.\/p<br \/>\n795711859381<\/p>\n<p>Tension nominale 36<br \/>\nConsommation \u00e9lectrique Consommation \u00e9lectrique<\/p>\n<p>Syst\u00e8me de batterie Power Power AK<br \/>\nBatterie recommand\u00e9e<br \/>\nAK 10<\/p>\n","protected":false},"excerpt":{"rendered":"<p>Taille-haie \u00e0 batterie, l\u00e9ger et silencieux, pour l\u2019\u00e9lagage des buissons, des arbustes et des haies de taille moyenne. Couteaux d\u00e9coup\u00e9s<\/p>\n","protected":false},"featured_media":436252,"template":"","meta":{"_seopress_robots_primary_cat":"","_seopress_titles_title":"","_seopress_titles_desc":"","_seopress_robots_index":""},"product_brand":[3555],"product_cat":[167,1690,1626],"product_tag":[3267],"class_list":{"0":"post-465499","1":"product","2":"type-product","3":"status-publish","4":"has-post-thumbnail","6":"product_brand-stihl-fr","7":"product_cat-machines","8":"product_cat-taille-haies-et-elagueurs","9":"product_cat-taille-haies-et-elagueurs-a-batterie","10":"product_tag-import-stihl-fr","11":"sws-gruppo-macchinari-fr","12":"sws-conto-ricavi-merci-rivendita-macchinari-fr","13":"sws-gruppo-iva-iva81-fr","15":"first","16":"onbackorder","17":"purchasable","18":"product-type-simple"},"_links":{"self":[{"href":"https:\/\/lucacastelli.com\/fr\/wp-json\/wp\/v2\/product\/465499","targetHints":{"allow":["GET"]}}],"collection":[{"href":"https:\/\/lucacastelli.com\/fr\/wp-json\/wp\/v2\/product"}],"about":[{"href":"https:\/\/lucacastelli.com\/fr\/wp-json\/wp\/v2\/types\/product"}],"wp:featuredmedia":[{"embeddable":true,"href":"https:\/\/lucacastelli.com\/fr\/wp-json\/wp\/v2\/media\/436252"}],"wp:attachment":[{"href":"https:\/\/lucacastelli.com\/fr\/wp-json\/wp\/v2\/media?parent=465499"}],"wp:term":[{"taxonomy":"product_brand","embeddable":true,"href":"https:\/\/lucacastelli.com\/fr\/wp-json\/wp\/v2\/product_brand?post=465499"},{"taxonomy":"product_cat","embeddable":true,"href":"https:\/\/lucacastelli.com\/fr\/wp-json\/wp\/v2\/product_cat?post=465499"},{"taxonomy":"product_tag","embeddable":true,"href":"https:\/\/lucacastelli.com\/fr\/wp-json\/wp\/v2\/product_tag?post=465499"}],"curies":[{"name":"wp","href":"https:\/\/api.w.org\/{rel}","templated":true}]}}