{"id":465497,"date":"2025-05-31T21:56:21","date_gmt":"2025-05-31T19:56:21","guid":{"rendered":"https:\/\/lucacastelli.com\/prodotto\/hsa-130-r-75-cm-sans-batterie-ni-chargeur\/"},"modified":"2026-02-22T09:06:48","modified_gmt":"2026-02-22T08:06:48","slug":"hsa-130-r-75-cm-sans-batterie-ni-chargeur","status":"publish","type":"product","link":"https:\/\/lucacastelli.com\/fr\/produit\/hsa-130-r-75-cm-sans-batterie-ni-chargeur\/","title":{"rendered":"STIHL HSA 130 R, 75 cm, sans batterie ni chargeur"},"content":{"rendered":"<p>Avec le robuste taille-haie sans fil STIHL HSA 130 R, vous pouvez effectuer des travaux exigeants dans l\u2019am\u00e9nagement paysager professionnel et les municipalit\u00e9s. La STIHL HSA 130 R fonctionne \u00e0 basse vitesse de lame et avec une lame aff\u00fbt\u00e9e des deux c\u00f4t\u00e9s dans la version d\u2019\u00e9lagage avec un plus grand espacement des dents, de sorte que m\u00eame les branches et les brindilles les plus robustes peuvent \u00eatre coup\u00e9es efficacement et pr\u00e9cis\u00e9ment \u00e0 une vitesse constante. Vous pouvez r\u00e9gler la vitesse sur 3 niveaux directement sur la poign\u00e9e multifonction rotative, de 2 800 coups\/minute \u00e0 3 200 coups\/minute, pour des coupes puissantes. Notre vid\u00e9o montre le STIHL HSA 130 R en utilisation professionnelle.\/ppLe taille-haie sans fil STIHL HSA 130 R fonctionne avec des batteries lithium-ion delnbsp ; strongsystem STIHL AP\/strongnbsp&nbsp;; tr\u00e8s silencieusement, ce qui vous permet de tailler la haie m\u00eame dans les zones sensibles au bruit. La poign\u00e9e multifonction rotative peut \u00eatre tourn\u00e9e de 90\u00b0 vers la droite ou la gauche. De cette fa\u00e7on, chaque coupe dans diff\u00e9rentes directions est toujours soutenue par une position de travail ergonomique favorable. Pour une utilisation moins fatigante dans toutes les directions de travail, le taille-haie STIHL HSA 130 R est \u00e9galement \u00e9quip\u00e9 d\u2019une poign\u00e9e d\u2019arc. Les protections de coupe et de guidage viss\u00e9es assurent votre s\u00e9curit\u00e9 et prot\u00e8gent l\u2019unit\u00e9 de coupe.\/ppPour le transfert d\u2019\u00e9nergie de la batterie, vous pouvez utiliser de mani\u00e8re flexible le sac danbsp ; STIHL AP avec c\u00e2ble de connexion\/fort, le syst\u00e8me de transport STIHL ou lanbsp&nbsp;; strongBatterie dorsale STIHL AR 2000 L\/strong.\/ppLe taille-haie sans fil STIHL HSA 130 R est disponible en 2 longueurs de coupe : 60 cm et 75 cm.\/ppTous les outils sans fil du syst\u00e8me STIHL AP sont con\u00e7us pour les applications professionnelles et l\u2019utilisation quotidienne, m\u00eame dans des conditions m\u00e9t\u00e9orologiques d\u00e9favorables. Par cons\u00e9quent, ils ont test\u00e9 la protection contre les \u00e9claboussures. L\u2019efficacit\u00e9 est prouv\u00e9e par des tests internes rigoureux. Le test d\u2019\u00e9claboussures d\u2019eau est bas\u00e9, entre autres, sur la norme IPX4.\/p<br \/>\n795711311575<\/p>\n<p>Tension nominale 36<br \/>\nConsommation \u00e9lectrique Consommation \u00e9lectrique<\/p>\n<p>Alimentation Syst\u00e8me de<br \/>\nbatterie AP<br \/>\nBatterie recommand\u00e9e AP 300<\/p>\n","protected":false},"excerpt":{"rendered":"<p>Avec le robuste taille-haie sans fil STIHL HSA 130 R, vous pouvez effectuer des travaux exigeants dans l\u2019am\u00e9nagement paysager professionnel<\/p>\n","protected":false},"featured_media":424547,"template":"","meta":{"_seopress_robots_primary_cat":"","_seopress_titles_title":"","_seopress_titles_desc":"","_seopress_robots_index":""},"product_brand":[3366],"product_cat":[29,267],"product_tag":[3265],"class_list":{"0":"post-465497","1":"product","2":"type-product","3":"status-publish","4":"has-post-thumbnail","6":"product_brand-stihl","7":"product_cat-macchinari","8":"product_cat-tosasiepi-e-potatori","9":"product_tag-import-stihl","10":"sws-gruppo-macchinari-fr","11":"sws-conto-ricavi-merci-rivendita-macchinari-fr","12":"sws-gruppo-iva-iva81-fr","14":"first","15":"onbackorder","16":"purchasable","17":"product-type-simple"},"_links":{"self":[{"href":"https:\/\/lucacastelli.com\/fr\/wp-json\/wp\/v2\/product\/465497","targetHints":{"allow":["GET"]}}],"collection":[{"href":"https:\/\/lucacastelli.com\/fr\/wp-json\/wp\/v2\/product"}],"about":[{"href":"https:\/\/lucacastelli.com\/fr\/wp-json\/wp\/v2\/types\/product"}],"wp:featuredmedia":[{"embeddable":true,"href":"https:\/\/lucacastelli.com\/fr\/wp-json\/wp\/v2\/media\/424547"}],"wp:attachment":[{"href":"https:\/\/lucacastelli.com\/fr\/wp-json\/wp\/v2\/media?parent=465497"}],"wp:term":[{"taxonomy":"product_brand","embeddable":true,"href":"https:\/\/lucacastelli.com\/fr\/wp-json\/wp\/v2\/product_brand?post=465497"},{"taxonomy":"product_cat","embeddable":true,"href":"https:\/\/lucacastelli.com\/fr\/wp-json\/wp\/v2\/product_cat?post=465497"},{"taxonomy":"product_tag","embeddable":true,"href":"https:\/\/lucacastelli.com\/fr\/wp-json\/wp\/v2\/product_tag?post=465497"}],"curies":[{"name":"wp","href":"https:\/\/api.w.org\/{rel}","templated":true}]}}