{"id":465492,"date":"2025-05-31T21:59:06","date_gmt":"2025-05-31T19:59:06","guid":{"rendered":"https:\/\/lucacastelli.com\/prodotto\/hsa-40-set-avec-2-x-as-2-et-al-1\/"},"modified":"2025-07-08T11:16:07","modified_gmt":"2025-07-08T09:16:07","slug":"hsa-40-set-avec-2-x-as-2-et-al-1","status":"publish","type":"product","link":"https:\/\/lucacastelli.com\/fr\/produit\/hsa-40-set-avec-2-x-as-2-et-al-1\/","title":{"rendered":"STIHL HSA 40 Set, avec 2 x AS 2 et AL 1"},"content":{"rendered":"<p>La coupe parfaite Le HSA 40 peut \u00eatre guid\u00e9 sans effort. Le faible poids et la conception \u00e9quilibr\u00e9e assurent une maniabilit\u00e9 maximale et \u00e9liminent la fatigue. Avec lui, cr\u00e9er la forme souhait\u00e9e devient un jeu.<br \/>\n886661869893  <\/p>\n<p>Tension nominale 10<br \/>\nConsommation \u00e9lectrique Consommation \u00e9lectrique<\/p>\n<p>Alimentation Syst\u00e8me de<br \/>\nbatterie AS<br \/>\nBatterie recommand\u00e9e AS 2<\/p>\n","protected":false},"excerpt":{"rendered":"<p>La coupe parfaite Le HSA 40 peut \u00eatre guid\u00e9 sans effort. Le faible poids et la conception \u00e9quilibr\u00e9e assurent une<\/p>\n","protected":false},"featured_media":424804,"template":"","meta":{"_seopress_robots_primary_cat":"","_seopress_titles_title":"","_seopress_titles_desc":"","_seopress_robots_index":""},"product_brand":[3366],"product_cat":[29,282,267],"product_tag":[3265],"class_list":{"0":"post-465492","1":"product","2":"type-product","3":"status-publish","4":"has-post-thumbnail","6":"product_brand-stihl","7":"product_cat-macchinari","8":"product_cat-tosasiepi-e-potatori-a-batteria","9":"product_cat-tosasiepi-e-potatori","10":"product_tag-import-stihl","11":"sws-gruppo-macchinari-fr","12":"sws-conto-ricavi-merci-rivendita-macchinari-fr","13":"sws-gruppo-iva-iva81-fr","15":"first","16":"onbackorder","17":"purchasable","18":"product-type-simple"},"_links":{"self":[{"href":"https:\/\/lucacastelli.com\/fr\/wp-json\/wp\/v2\/product\/465492","targetHints":{"allow":["GET"]}}],"collection":[{"href":"https:\/\/lucacastelli.com\/fr\/wp-json\/wp\/v2\/product"}],"about":[{"href":"https:\/\/lucacastelli.com\/fr\/wp-json\/wp\/v2\/types\/product"}],"wp:featuredmedia":[{"embeddable":true,"href":"https:\/\/lucacastelli.com\/fr\/wp-json\/wp\/v2\/media\/424804"}],"wp:attachment":[{"href":"https:\/\/lucacastelli.com\/fr\/wp-json\/wp\/v2\/media?parent=465492"}],"wp:term":[{"taxonomy":"product_brand","embeddable":true,"href":"https:\/\/lucacastelli.com\/fr\/wp-json\/wp\/v2\/product_brand?post=465492"},{"taxonomy":"product_cat","embeddable":true,"href":"https:\/\/lucacastelli.com\/fr\/wp-json\/wp\/v2\/product_cat?post=465492"},{"taxonomy":"product_tag","embeddable":true,"href":"https:\/\/lucacastelli.com\/fr\/wp-json\/wp\/v2\/product_tag?post=465492"}],"curies":[{"name":"wp","href":"https:\/\/api.w.org\/{rel}","templated":true}]}}