{"id":465477,"date":"2025-06-01T02:35:47","date_gmt":"2025-06-01T00:35:47","guid":{"rendered":"https:\/\/lucacastelli.com\/prodotto\/perche-telescopique\/"},"modified":"2025-06-01T02:35:47","modified_gmt":"2025-06-01T00:35:47","slug":"perche-telescopique","status":"publish","type":"product","link":"https:\/\/lucacastelli.com\/fr\/produit\/perche-telescopique\/","title":{"rendered":"Perche t\u00e9lescopique"},"content":{"rendered":"<p>Longueur progressive de 1,75 m \u00e0 3,20 m, pour des travaux jusqu\u2019\u00e0 environ 5 m de hauteur. Tube en aluminium robuste en deux parties \u00d8 30 mm\/27 mm. \u00c9tau excentrique extr\u00eamement robuste en acier, l\u00e9g\u00e8rement ductile. Zone de pr\u00e9hension caoutchout\u00e9e pour une prise en main parfaite.<br \/>\n795711878863  <\/p>\n","protected":false},"excerpt":{"rendered":"<p>Perche t\u00e9lescopique<\/p>\n","protected":false},"featured_media":437924,"template":"","meta":{"_seopress_robots_primary_cat":"none","_seopress_titles_title":"","_seopress_titles_desc":"","_seopress_robots_index":""},"product_brand":[3555],"product_cat":[167,1690],"product_tag":[3267],"class_list":{"0":"post-465477","1":"product","2":"type-product","3":"status-publish","4":"has-post-thumbnail","6":"product_brand-stihl-fr","7":"product_cat-machines","8":"product_cat-taille-haies-et-elagueurs","9":"product_tag-import-stihl-fr","10":"sws-gruppo-abb-libero-fr","11":"sws-conto-ricavi-merci-rivendita-abbigliamento-fr","12":"sws-gruppo-iva-iva81-fr","14":"first","15":"onbackorder","16":"purchasable","17":"product-type-simple"},"_links":{"self":[{"href":"https:\/\/lucacastelli.com\/fr\/wp-json\/wp\/v2\/product\/465477","targetHints":{"allow":["GET"]}}],"collection":[{"href":"https:\/\/lucacastelli.com\/fr\/wp-json\/wp\/v2\/product"}],"about":[{"href":"https:\/\/lucacastelli.com\/fr\/wp-json\/wp\/v2\/types\/product"}],"wp:featuredmedia":[{"embeddable":true,"href":"https:\/\/lucacastelli.com\/fr\/wp-json\/wp\/v2\/media\/437924"}],"wp:attachment":[{"href":"https:\/\/lucacastelli.com\/fr\/wp-json\/wp\/v2\/media?parent=465477"}],"wp:term":[{"taxonomy":"product_brand","embeddable":true,"href":"https:\/\/lucacastelli.com\/fr\/wp-json\/wp\/v2\/product_brand?post=465477"},{"taxonomy":"product_cat","embeddable":true,"href":"https:\/\/lucacastelli.com\/fr\/wp-json\/wp\/v2\/product_cat?post=465477"},{"taxonomy":"product_tag","embeddable":true,"href":"https:\/\/lucacastelli.com\/fr\/wp-json\/wp\/v2\/product_tag?post=465477"}],"curies":[{"name":"wp","href":"https:\/\/api.w.org\/{rel}","templated":true}]}}