{"id":465476,"date":"2025-06-01T00:57:40","date_gmt":"2025-05-31T22:57:40","guid":{"rendered":"https:\/\/lucacastelli.com\/prodotto\/deflecteur-de-collecte\/"},"modified":"2025-06-28T19:07:22","modified_gmt":"2025-06-28T17:07:22","slug":"deflecteur-de-collecte","status":"publish","type":"product","link":"https:\/\/lucacastelli.com\/fr\/produit\/deflecteur-de-collecte\/","title":{"rendered":"STIHL D\u00e9flecteur de collecte"},"content":{"rendered":"<p>Pour la collecte et l\u2019enl\u00e8vement des mat\u00e9riaux d\u00e9coup\u00e9s. Longueur de coupe de 50 cm, sans l\u2019utilisation d\u2019outils, peut \u00eatre mont\u00e9e des deux c\u00f4t\u00e9s, pour HSA 66, HSA 86, pour tous les mod\u00e8les HSE et HLA.<br \/>\n886661023905 <\/p>\n","protected":false},"excerpt":{"rendered":"<p>D\u00e9flecteur de collecte<\/p>\n","protected":false},"featured_media":443719,"template":"","meta":{"_seopress_robots_primary_cat":"","_seopress_titles_title":"","_seopress_titles_desc":"","_seopress_robots_index":""},"product_brand":[3555],"product_cat":[1688,167,1690],"product_tag":[3267],"class_list":{"0":"post-465476","1":"product","2":"type-product","3":"status-publish","4":"has-post-thumbnail","6":"product_brand-stihl-fr","7":"product_cat-accessoires-et-consommables-fr-8","8":"product_cat-machines","9":"product_cat-taille-haies-et-elagueurs","10":"product_tag-import-stihl-fr","11":"sws-gruppo-macchinari-fr","12":"sws-conto-ricavi-merci-rivendita-macchinari-fr","13":"sws-gruppo-iva-iva81-fr","15":"first","16":"onbackorder","17":"purchasable","18":"product-type-simple"},"_links":{"self":[{"href":"https:\/\/lucacastelli.com\/fr\/wp-json\/wp\/v2\/product\/465476","targetHints":{"allow":["GET"]}}],"collection":[{"href":"https:\/\/lucacastelli.com\/fr\/wp-json\/wp\/v2\/product"}],"about":[{"href":"https:\/\/lucacastelli.com\/fr\/wp-json\/wp\/v2\/types\/product"}],"wp:featuredmedia":[{"embeddable":true,"href":"https:\/\/lucacastelli.com\/fr\/wp-json\/wp\/v2\/media\/443719"}],"wp:attachment":[{"href":"https:\/\/lucacastelli.com\/fr\/wp-json\/wp\/v2\/media?parent=465476"}],"wp:term":[{"taxonomy":"product_brand","embeddable":true,"href":"https:\/\/lucacastelli.com\/fr\/wp-json\/wp\/v2\/product_brand?post=465476"},{"taxonomy":"product_cat","embeddable":true,"href":"https:\/\/lucacastelli.com\/fr\/wp-json\/wp\/v2\/product_cat?post=465476"},{"taxonomy":"product_tag","embeddable":true,"href":"https:\/\/lucacastelli.com\/fr\/wp-json\/wp\/v2\/product_tag?post=465476"}],"curies":[{"name":"wp","href":"https:\/\/api.w.org\/{rel}","templated":true}]}}