{"id":465471,"date":"2025-06-01T02:32:41","date_gmt":"2025-06-01T00:32:41","guid":{"rendered":"https:\/\/lucacastelli.com\/prodotto\/crochet-pour-ht\/"},"modified":"2026-03-02T11:25:54","modified_gmt":"2026-03-02T10:25:54","slug":"crochet-pour-ht","status":"publish","type":"product","link":"https:\/\/lucacastelli.com\/fr\/produit\/crochet-pour-ht\/","title":{"rendered":"STIHL Crochet pour HT"},"content":{"rendered":"<p>Pour une ergonomie de travail maximale en combinaison avec la bandouli\u00e8re ou le syst\u00e8me de portage RTS. Accrochage facile et d\u00e9verrouillage rapide de l&#8217;outil. Compris dans la livraison des HT 56, HT 103 et HT 133. Adapt\u00e9 pour HT 101, HT 131, HTA 85 et HLA 85.<br \/>\n886661389599   <\/p>\n","protected":false},"excerpt":{"rendered":"<p>Crochet pour HT<\/p>\n","protected":false},"featured_media":424972,"template":"","meta":{"_seopress_robots_primary_cat":"","_seopress_titles_title":"","_seopress_titles_desc":"","_seopress_robots_index":""},"product_brand":[3366],"product_cat":[29,267],"product_tag":[3265],"class_list":{"0":"post-465471","1":"product","2":"type-product","3":"status-publish","4":"has-post-thumbnail","6":"product_brand-stihl","7":"product_cat-macchinari","8":"product_cat-tosasiepi-e-potatori","9":"product_tag-import-stihl","10":"sws-gruppo-macchinari-fr","11":"sws-conto-ricavi-merci-rivendita-macchinari-fr","12":"sws-gruppo-iva-iva81-fr","14":"first","15":"onbackorder","16":"purchasable","17":"product-type-simple"},"_links":{"self":[{"href":"https:\/\/lucacastelli.com\/fr\/wp-json\/wp\/v2\/product\/465471","targetHints":{"allow":["GET"]}}],"collection":[{"href":"https:\/\/lucacastelli.com\/fr\/wp-json\/wp\/v2\/product"}],"about":[{"href":"https:\/\/lucacastelli.com\/fr\/wp-json\/wp\/v2\/types\/product"}],"wp:featuredmedia":[{"embeddable":true,"href":"https:\/\/lucacastelli.com\/fr\/wp-json\/wp\/v2\/media\/424972"}],"wp:attachment":[{"href":"https:\/\/lucacastelli.com\/fr\/wp-json\/wp\/v2\/media?parent=465471"}],"wp:term":[{"taxonomy":"product_brand","embeddable":true,"href":"https:\/\/lucacastelli.com\/fr\/wp-json\/wp\/v2\/product_brand?post=465471"},{"taxonomy":"product_cat","embeddable":true,"href":"https:\/\/lucacastelli.com\/fr\/wp-json\/wp\/v2\/product_cat?post=465471"},{"taxonomy":"product_tag","embeddable":true,"href":"https:\/\/lucacastelli.com\/fr\/wp-json\/wp\/v2\/product_tag?post=465471"}],"curies":[{"name":"wp","href":"https:\/\/api.w.org\/{rel}","templated":true}]}}