{"id":465470,"date":"2025-06-01T00:56:22","date_gmt":"2025-05-31T22:56:22","guid":{"rendered":"https:\/\/lucacastelli.com\/prodotto\/hla-86-sans-batterie-ni-chargeur\/"},"modified":"2025-10-02T14:53:19","modified_gmt":"2025-10-02T12:53:19","slug":"hla-86-sans-batterie-ni-chargeur","status":"publish","type":"product","link":"https:\/\/lucacastelli.com\/fr\/produit\/hla-86-sans-batterie-ni-chargeur\/","title":{"rendered":"STIHL HLA 86, sans batterie ni chargeur"},"content":{"rendered":"<p>Taille-haie sans fil \u00e0 large gamme pour un usage professionnel. Particuli\u00e8rement adapt\u00e9 \u00e0 l\u2019\u00e9lagage des haies et des arbustes de grande hauteur et \u00e0 la coupe de la v\u00e9g\u00e9tation pr\u00e8s du sol. Travail ergonomique gr\u00e2ce \u00e0 la stabilit\u00e9 de la perche t\u00e9lescopique carr\u00e9e.<br \/>\n886661900985<\/p>\n<p>Tension nominale 36<br \/>\nConsommation \u00e9lectrique Consommation \u00e9lectrique<\/p>\n<p>Alimentation Puissance<br \/>\nBatterie recommand\u00e9e AP 200<br \/>\nSyst\u00e8me de batterie AP<\/p>\n","protected":false},"excerpt":{"rendered":"<p>HLA 86, sans batterie ni chargeur<\/p>\n","protected":false},"featured_media":431367,"template":"","meta":{"_seopress_robots_primary_cat":"","_seopress_titles_title":"","_seopress_titles_desc":"","_seopress_robots_index":""},"product_brand":[3555],"product_cat":[167,1690,1626],"product_tag":[3267],"class_list":{"0":"post-465470","1":"product","2":"type-product","3":"status-publish","4":"has-post-thumbnail","6":"product_brand-stihl-fr","7":"product_cat-machines","8":"product_cat-taille-haies-et-elagueurs","9":"product_cat-taille-haies-et-elagueurs-a-batterie","10":"product_tag-import-stihl-fr","11":"sws-gruppo-macchinari-fr","12":"sws-conto-ricavi-merci-rivendita-macchinari-fr","13":"sws-gruppo-iva-iva81-fr","15":"first","16":"onbackorder","17":"purchasable","18":"product-type-simple"},"_links":{"self":[{"href":"https:\/\/lucacastelli.com\/fr\/wp-json\/wp\/v2\/product\/465470","targetHints":{"allow":["GET"]}}],"collection":[{"href":"https:\/\/lucacastelli.com\/fr\/wp-json\/wp\/v2\/product"}],"about":[{"href":"https:\/\/lucacastelli.com\/fr\/wp-json\/wp\/v2\/types\/product"}],"wp:featuredmedia":[{"embeddable":true,"href":"https:\/\/lucacastelli.com\/fr\/wp-json\/wp\/v2\/media\/431367"}],"wp:attachment":[{"href":"https:\/\/lucacastelli.com\/fr\/wp-json\/wp\/v2\/media?parent=465470"}],"wp:term":[{"taxonomy":"product_brand","embeddable":true,"href":"https:\/\/lucacastelli.com\/fr\/wp-json\/wp\/v2\/product_brand?post=465470"},{"taxonomy":"product_cat","embeddable":true,"href":"https:\/\/lucacastelli.com\/fr\/wp-json\/wp\/v2\/product_cat?post=465470"},{"taxonomy":"product_tag","embeddable":true,"href":"https:\/\/lucacastelli.com\/fr\/wp-json\/wp\/v2\/product_tag?post=465470"}],"curies":[{"name":"wp","href":"https:\/\/api.w.org\/{rel}","templated":true}]}}