{"id":465462,"date":"2025-05-31T22:14:15","date_gmt":"2025-05-31T20:14:15","guid":{"rendered":"https:\/\/lucacastelli.com\/prodotto\/hta-160-sans-batterie-ni-chargeur\/"},"modified":"2025-06-29T13:44:09","modified_gmt":"2025-06-29T11:44:09","slug":"hta-160-sans-batterie-ni-chargeur","status":"publish","type":"product","link":"https:\/\/lucacastelli.com\/fr\/produit\/hta-160-sans-batterie-ni-chargeur\/","title":{"rendered":"STIHL HTA 160, sans batterie ni chargeur"},"content":{"rendered":"<p>pL\u2019\u00e9lagueuse-\u00e9lagueuse sans fil STIHL applications professionnelles d\u2019arboriculture, de culture fruiti\u00e8re, d\u2019agriculture et de foresterie. Silencieux et peu de vibrations. Cha\u00eene 1?4&#8243;-PM3, engrenages l\u00e9gers en magn\u00e9sium avec crochet de d\u00e9rivation moul\u00e9 sous pression robuste pour un retrait facile du mat\u00e9riel d\u2019\u00e9lagage. Perche t\u00e9lescopique professionnelle particuli\u00e8rement rigide avec r\u00e9glage rapide pour un positionnement exact et une pr\u00e9cision de coupe, poign\u00e9e ergonomique avec affichage LED. Pr\u00e9paration pour le STIHL Smart Connector 2 A dans le bo\u00eetier de l\u2019outil. Longueur totale 285 405 cm\/p<br \/>\n886661662470<\/p>\n<p>Tension nominale 36<br \/>\nConsommation<\/p>\n<p>\u00e9lectrique Consommation \u00e9lectrique Syst\u00e8me d\u2019alimentation<br \/>\nAP Syst\u00e8me de batterie Batterie recommand\u00e9e<br \/>\nAP 300 S<\/p>\n","protected":false},"excerpt":{"rendered":"<p>pL\u2019\u00e9lagueuse-\u00e9lagueuse sans fil STIHL applications professionnelles d\u2019arboriculture, de culture fruiti\u00e8re, d\u2019agriculture et de foresterie. Silencieux et peu de vibrations. Cha\u00eene<\/p>\n","protected":false},"featured_media":436944,"template":"","meta":{"_seopress_robots_primary_cat":"","_seopress_titles_title":"","_seopress_titles_desc":"","_seopress_robots_index":""},"product_brand":[3366],"product_cat":[29,282,267],"product_tag":[3265],"class_list":{"0":"post-465462","1":"product","2":"type-product","3":"status-publish","4":"has-post-thumbnail","6":"product_brand-stihl","7":"product_cat-macchinari","8":"product_cat-tosasiepi-e-potatori-a-batteria","9":"product_cat-tosasiepi-e-potatori","10":"product_tag-import-stihl","11":"sws-gruppo-macchinari-fr","12":"sws-conto-ricavi-merci-rivendita-macchinari-fr","13":"sws-gruppo-iva-iva81-fr","15":"first","16":"onbackorder","17":"purchasable","18":"product-type-simple"},"_links":{"self":[{"href":"https:\/\/lucacastelli.com\/fr\/wp-json\/wp\/v2\/product\/465462","targetHints":{"allow":["GET"]}}],"collection":[{"href":"https:\/\/lucacastelli.com\/fr\/wp-json\/wp\/v2\/product"}],"about":[{"href":"https:\/\/lucacastelli.com\/fr\/wp-json\/wp\/v2\/types\/product"}],"wp:featuredmedia":[{"embeddable":true,"href":"https:\/\/lucacastelli.com\/fr\/wp-json\/wp\/v2\/media\/436944"}],"wp:attachment":[{"href":"https:\/\/lucacastelli.com\/fr\/wp-json\/wp\/v2\/media?parent=465462"}],"wp:term":[{"taxonomy":"product_brand","embeddable":true,"href":"https:\/\/lucacastelli.com\/fr\/wp-json\/wp\/v2\/product_brand?post=465462"},{"taxonomy":"product_cat","embeddable":true,"href":"https:\/\/lucacastelli.com\/fr\/wp-json\/wp\/v2\/product_cat?post=465462"},{"taxonomy":"product_tag","embeddable":true,"href":"https:\/\/lucacastelli.com\/fr\/wp-json\/wp\/v2\/product_tag?post=465462"}],"curies":[{"name":"wp","href":"https:\/\/api.w.org\/{rel}","templated":true}]}}