{"id":465461,"date":"2025-05-31T22:32:38","date_gmt":"2025-05-31T20:32:38","guid":{"rendered":"https:\/\/lucacastelli.com\/prodotto\/hta-86-sans-batterie-ni-chargeur\/"},"modified":"2025-05-31T22:32:38","modified_gmt":"2025-05-31T20:32:38","slug":"hta-86-sans-batterie-ni-chargeur","status":"publish","type":"product","link":"https:\/\/lucacastelli.com\/fr\/produit\/hta-86-sans-batterie-ni-chargeur\/","title":{"rendered":"HTA 86, sans batterie ni chargeur"},"content":{"rendered":"<p>Taille-haie sans fil \u00e0 large gamme pour un usage professionnel. Particuli\u00e8rement adapt\u00e9 \u00e0 l\u2019\u00e9lagage des haies et des arbustes de grande hauteur et \u00e0 la coupe de la v\u00e9g\u00e9tation pr\u00e8s du sol. Travail ergonomique gr\u00e2ce \u00e0 la stabilit\u00e9 de la perche t\u00e9lescopique carr\u00e9e. Longueur totale 260 330 cm.<br \/>\n886661566099   <\/p>\n<p>Tension nominale 36<br \/>\nConsommation \u00e9lectrique Consommation \u00e9lectrique<\/p>\n<p>Alimentation Syst\u00e8me de<br \/>\nbatterie AP<br \/>\nBatterie recommand\u00e9e AP 200<\/p>\n","protected":false},"excerpt":{"rendered":"<p>HTA 86, sans batterie ni chargeur<\/p>\n","protected":false},"featured_media":422668,"template":"","meta":{"_seopress_robots_primary_cat":"","_seopress_titles_title":"","_seopress_titles_desc":"","_seopress_robots_index":""},"product_brand":[3555],"product_cat":[167,1690,1626],"product_tag":[3267],"class_list":{"0":"post-465461","1":"product","2":"type-product","3":"status-publish","4":"has-post-thumbnail","6":"product_brand-stihl-fr","7":"product_cat-machines","8":"product_cat-taille-haies-et-elagueurs","9":"product_cat-taille-haies-et-elagueurs-a-batterie","10":"product_tag-import-stihl-fr","11":"sws-gruppo-macchinari-fr","12":"sws-conto-ricavi-merci-rivendita-macchinari-fr","13":"sws-gruppo-iva-iva81-fr","15":"first","16":"onbackorder","17":"purchasable","18":"product-type-simple"},"_links":{"self":[{"href":"https:\/\/lucacastelli.com\/fr\/wp-json\/wp\/v2\/product\/465461","targetHints":{"allow":["GET"]}}],"collection":[{"href":"https:\/\/lucacastelli.com\/fr\/wp-json\/wp\/v2\/product"}],"about":[{"href":"https:\/\/lucacastelli.com\/fr\/wp-json\/wp\/v2\/types\/product"}],"wp:featuredmedia":[{"embeddable":true,"href":"https:\/\/lucacastelli.com\/fr\/wp-json\/wp\/v2\/media\/422668"}],"wp:attachment":[{"href":"https:\/\/lucacastelli.com\/fr\/wp-json\/wp\/v2\/media?parent=465461"}],"wp:term":[{"taxonomy":"product_brand","embeddable":true,"href":"https:\/\/lucacastelli.com\/fr\/wp-json\/wp\/v2\/product_brand?post=465461"},{"taxonomy":"product_cat","embeddable":true,"href":"https:\/\/lucacastelli.com\/fr\/wp-json\/wp\/v2\/product_cat?post=465461"},{"taxonomy":"product_tag","embeddable":true,"href":"https:\/\/lucacastelli.com\/fr\/wp-json\/wp\/v2\/product_tag?post=465461"}],"curies":[{"name":"wp","href":"https:\/\/api.w.org\/{rel}","templated":true}]}}