{"id":465459,"date":"2025-05-31T22:32:34","date_gmt":"2025-05-31T20:32:34","guid":{"rendered":"https:\/\/lucacastelli.com\/prodotto\/hta-50-sans-batterie-ni-chargeur\/"},"modified":"2026-03-20T22:16:49","modified_gmt":"2026-03-20T21:16:49","slug":"hta-50-sans-batterie-ni-chargeur","status":"publish","type":"product","link":"https:\/\/lucacastelli.com\/fr\/produit\/hta-50-sans-batterie-ni-chargeur\/","title":{"rendered":"HTA 50, sans batterie ni chargeur"},"content":{"rendered":"<p>S\u00e9cateur-\u00e9lagueur sans fil l\u00e9ger avec des performances de coupe \u00e9lev\u00e9es pour tous les types de travaux d\u2019\u00e9lagage. Tendeur de cha\u00eene et de cha\u00eene lat\u00e9rale 1\/4&#8243; PM3. Avec griffe en forme de crochet pour un retrait facile des \u00e9lagages de l\u2019arbre, r\u00e9servoir d\u2019huile semi-transparent, unit\u00e9 de commande ergonomique et tige divisible pour un transport facile et un stockage peu encombrant. Longueur totale 280 cm.<br \/>\n886661624362   <\/p>\n<p>Tension nominale 36<br \/>\nConsommation \u00e9lectrique Consommation \u00e9lectrique<\/p>\n<p>Alimentation Syst\u00e8me de batterie Power<br \/>\nAK<br \/>\nBatterie recommand\u00e9e AK 20<\/p>\n","protected":false},"excerpt":{"rendered":"<p>HTA 50, sans batterie ni chargeur<\/p>\n","protected":false},"featured_media":422656,"template":"","meta":{"_seopress_robots_primary_cat":"","_seopress_titles_title":"","_seopress_titles_desc":"","_seopress_robots_index":""},"product_brand":[3555],"product_cat":[167,1690,1626],"product_tag":[3267],"class_list":{"0":"post-465459","1":"product","2":"type-product","3":"status-publish","4":"has-post-thumbnail","6":"product_brand-stihl-fr","7":"product_cat-machines","8":"product_cat-taille-haies-et-elagueurs","9":"product_cat-taille-haies-et-elagueurs-a-batterie","10":"product_tag-import-stihl-fr","11":"sws-gruppo-macchinari-fr","12":"sws-conto-ricavi-merci-rivendita-macchinari-fr","13":"sws-gruppo-iva-iva81-fr","15":"first","16":"onbackorder","17":"purchasable","18":"product-type-simple"},"_links":{"self":[{"href":"https:\/\/lucacastelli.com\/fr\/wp-json\/wp\/v2\/product\/465459","targetHints":{"allow":["GET"]}}],"collection":[{"href":"https:\/\/lucacastelli.com\/fr\/wp-json\/wp\/v2\/product"}],"about":[{"href":"https:\/\/lucacastelli.com\/fr\/wp-json\/wp\/v2\/types\/product"}],"wp:featuredmedia":[{"embeddable":true,"href":"https:\/\/lucacastelli.com\/fr\/wp-json\/wp\/v2\/media\/422656"}],"wp:attachment":[{"href":"https:\/\/lucacastelli.com\/fr\/wp-json\/wp\/v2\/media?parent=465459"}],"wp:term":[{"taxonomy":"product_brand","embeddable":true,"href":"https:\/\/lucacastelli.com\/fr\/wp-json\/wp\/v2\/product_brand?post=465459"},{"taxonomy":"product_cat","embeddable":true,"href":"https:\/\/lucacastelli.com\/fr\/wp-json\/wp\/v2\/product_cat?post=465459"},{"taxonomy":"product_tag","embeddable":true,"href":"https:\/\/lucacastelli.com\/fr\/wp-json\/wp\/v2\/product_tag?post=465459"}],"curies":[{"name":"wp","href":"https:\/\/api.w.org\/{rel}","templated":true}]}}