{"id":465450,"date":"2025-06-01T01:08:50","date_gmt":"2025-05-31T23:08:50","guid":{"rendered":"https:\/\/lucacastelli.com\/prodotto\/325-p-48-mm\/"},"modified":"2025-06-28T03:53:57","modified_gmt":"2025-06-28T01:53:57","slug":"325-p-48-mm","status":"publish","type":"product","link":"https:\/\/lucacastelli.com\/fr\/produit\/325-p-48-mm\/","title":{"rendered":"STIHL .325&#8243;, P 4,8 mm"},"content":{"rendered":"<p>Un porte-lime avec une lime ronde pour un travail confortable. Pour les cha\u00eenes 1\/4&nbsp;\u00bb, 3\/8&nbsp;\u00bb-PM et 3\/8&nbsp;\u00bb-PMN de 4,0 mm de diam\u00e8tre. Pour les cha\u00eenes de .325&#8243; de 4,8 mm de diam\u00e8tre. Pour les cha\u00eenes 3\/8&#8243; de 5,2 mm de diam\u00e8tre. Pour cha\u00eenes .404&#8243; de 5,5 mm de diam\u00e8tre. Pour cha\u00eene 1\/4&#8243; P-MSA. Convient \u00e9galement pour les scies circulaires \u00e0 dents gouge\u00e9es.<br \/>\n795711087562   <\/p>\n","protected":false},"excerpt":{"rendered":"<p>.325&#8243;, P 4,8 mm<\/p>\n","protected":false},"featured_media":422968,"template":"","meta":{"_seopress_robots_primary_cat":"","_seopress_titles_title":"","_seopress_titles_desc":"","_seopress_robots_index":""},"product_brand":[3366],"product_cat":[29,515,268],"product_tag":[3265],"class_list":{"0":"post-465450","1":"product","2":"type-product","3":"status-publish","4":"has-post-thumbnail","6":"product_brand-stihl","7":"product_cat-macchinari","8":"product_cat-accessori-e-materiale-di-consumo-altri-dispositivi","9":"product_cat-motoseghe","10":"product_tag-import-stihl","11":"sws-gruppo-macchinari-fr","12":"sws-conto-ricavi-merci-rivendita-macchinari-fr","13":"sws-gruppo-iva-iva81-fr","15":"first","16":"onbackorder","17":"purchasable","18":"product-type-simple"},"_links":{"self":[{"href":"https:\/\/lucacastelli.com\/fr\/wp-json\/wp\/v2\/product\/465450","targetHints":{"allow":["GET"]}}],"collection":[{"href":"https:\/\/lucacastelli.com\/fr\/wp-json\/wp\/v2\/product"}],"about":[{"href":"https:\/\/lucacastelli.com\/fr\/wp-json\/wp\/v2\/types\/product"}],"wp:featuredmedia":[{"embeddable":true,"href":"https:\/\/lucacastelli.com\/fr\/wp-json\/wp\/v2\/media\/422968"}],"wp:attachment":[{"href":"https:\/\/lucacastelli.com\/fr\/wp-json\/wp\/v2\/media?parent=465450"}],"wp:term":[{"taxonomy":"product_brand","embeddable":true,"href":"https:\/\/lucacastelli.com\/fr\/wp-json\/wp\/v2\/product_brand?post=465450"},{"taxonomy":"product_cat","embeddable":true,"href":"https:\/\/lucacastelli.com\/fr\/wp-json\/wp\/v2\/product_cat?post=465450"},{"taxonomy":"product_tag","embeddable":true,"href":"https:\/\/lucacastelli.com\/fr\/wp-json\/wp\/v2\/product_tag?post=465450"}],"curies":[{"name":"wp","href":"https:\/\/api.w.org\/{rel}","templated":true}]}}