{"id":465436,"date":"2025-06-01T04:09:26","date_gmt":"2025-06-01T02:09:26","guid":{"rendered":"https:\/\/lucacastelli.com\/?post_type=product&#038;p=465436"},"modified":"2025-07-03T09:58:10","modified_gmt":"2025-07-03T07:58:10","slug":"disques-diamantes-universels-d-x100","status":"publish","type":"product","link":"https:\/\/lucacastelli.com\/fr\/produit\/disques-diamantes-universels-d-x100\/","title":{"rendered":"Disques diamant\u00e9s, universels D-X100"},"content":{"rendered":"<p>Disques \u00e0 tron\u00e7onner diamant\u00e9s adapt\u00e9s au b\u00e9ton arm\u00e9, \u00e0 la pierre dure, \u00e0 l\u2019acier de construction et aux tuyaux en fonte ductile.<br \/>\n886661066964<\/p>\n","protected":false},"excerpt":{"rendered":"<p>Disques diamant\u00e9s, universels D-X100<\/p>\n","protected":false},"featured_media":482265,"template":"","meta":{"_seopress_robots_primary_cat":"","_seopress_titles_title":"","_seopress_titles_desc":"","_seopress_robots_index":""},"product_brand":[3366],"product_cat":[29,495,496],"product_tag":[3265],"class_list":{"0":"post-465436","1":"product","2":"type-product","3":"status-publish","4":"has-post-thumbnail","6":"product_brand-stihl","7":"product_cat-macchinari","8":"product_cat-troncatrici-e-mototroncatrici","9":"product_cat-troncatrici","10":"product_tag-import-stihl","11":"sws-conto-ricavi-merci-rivendita-macchinari-fr","12":"sws-gruppo-iva-iva81-fr","14":"first","15":"onbackorder","16":"purchasable","17":"product-type-simple"},"_links":{"self":[{"href":"https:\/\/lucacastelli.com\/fr\/wp-json\/wp\/v2\/product\/465436","targetHints":{"allow":["GET"]}}],"collection":[{"href":"https:\/\/lucacastelli.com\/fr\/wp-json\/wp\/v2\/product"}],"about":[{"href":"https:\/\/lucacastelli.com\/fr\/wp-json\/wp\/v2\/types\/product"}],"wp:featuredmedia":[{"embeddable":true,"href":"https:\/\/lucacastelli.com\/fr\/wp-json\/wp\/v2\/media\/482265"}],"wp:attachment":[{"href":"https:\/\/lucacastelli.com\/fr\/wp-json\/wp\/v2\/media?parent=465436"}],"wp:term":[{"taxonomy":"product_brand","embeddable":true,"href":"https:\/\/lucacastelli.com\/fr\/wp-json\/wp\/v2\/product_brand?post=465436"},{"taxonomy":"product_cat","embeddable":true,"href":"https:\/\/lucacastelli.com\/fr\/wp-json\/wp\/v2\/product_cat?post=465436"},{"taxonomy":"product_tag","embeddable":true,"href":"https:\/\/lucacastelli.com\/fr\/wp-json\/wp\/v2\/product_tag?post=465436"}],"curies":[{"name":"wp","href":"https:\/\/api.w.org\/{rel}","templated":true}]}}