{"id":465430,"date":"2025-06-01T04:09:05","date_gmt":"2025-06-01T02:09:05","guid":{"rendered":"https:\/\/lucacastelli.com\/?post_type=product&#038;p=465430"},"modified":"2025-07-03T09:58:14","modified_gmt":"2025-07-03T07:58:14","slug":"disques-diamantes-g-80-350-mm","status":"publish","type":"product","link":"https:\/\/lucacastelli.com\/fr\/produit\/disques-diamantes-g-80-350-mm\/","title":{"rendered":"Disques diamant\u00e9s G 80 350 mm"},"content":{"rendered":"<p>Disques \u00e0 tron\u00e7onner diamant\u00e9s particuli\u00e8rement adapt\u00e9s \u00e0 la coupe de la fonte ductile.<br \/>\n886661585885<\/p>\n","protected":false},"excerpt":{"rendered":"<p>Disques diamant\u00e9s G 80 350 mm<\/p>\n","protected":false},"featured_media":482261,"template":"","meta":{"_seopress_robots_primary_cat":"","_seopress_titles_title":"","_seopress_titles_desc":"","_seopress_robots_index":""},"product_brand":[3555],"product_cat":[1689,167,1686],"product_tag":[3267],"class_list":{"0":"post-465430","1":"product","2":"type-product","3":"status-publish","4":"has-post-thumbnail","6":"product_brand-stihl-fr","7":"product_cat-coupe-bordures-et-elagueurs","8":"product_cat-machines","9":"product_cat-tronconneuses-fr","10":"product_tag-import-stihl-fr","11":"sws-conto-ricavi-merci-rivendita-macchinari-fr","12":"sws-gruppo-iva-iva81-fr","14":"first","15":"onbackorder","16":"purchasable","17":"product-type-simple"},"_links":{"self":[{"href":"https:\/\/lucacastelli.com\/fr\/wp-json\/wp\/v2\/product\/465430","targetHints":{"allow":["GET"]}}],"collection":[{"href":"https:\/\/lucacastelli.com\/fr\/wp-json\/wp\/v2\/product"}],"about":[{"href":"https:\/\/lucacastelli.com\/fr\/wp-json\/wp\/v2\/types\/product"}],"wp:featuredmedia":[{"embeddable":true,"href":"https:\/\/lucacastelli.com\/fr\/wp-json\/wp\/v2\/media\/482261"}],"wp:attachment":[{"href":"https:\/\/lucacastelli.com\/fr\/wp-json\/wp\/v2\/media?parent=465430"}],"wp:term":[{"taxonomy":"product_brand","embeddable":true,"href":"https:\/\/lucacastelli.com\/fr\/wp-json\/wp\/v2\/product_brand?post=465430"},{"taxonomy":"product_cat","embeddable":true,"href":"https:\/\/lucacastelli.com\/fr\/wp-json\/wp\/v2\/product_cat?post=465430"},{"taxonomy":"product_tag","embeddable":true,"href":"https:\/\/lucacastelli.com\/fr\/wp-json\/wp\/v2\/product_tag?post=465430"}],"curies":[{"name":"wp","href":"https:\/\/api.w.org\/{rel}","templated":true}]}}