{"id":465429,"date":"2025-06-01T01:00:19","date_gmt":"2025-05-31T23:00:19","guid":{"rendered":"https:\/\/lucacastelli.com\/prodotto\/regulateur-de-profondeur\/"},"modified":"2025-06-28T19:06:20","modified_gmt":"2025-06-28T17:06:20","slug":"regulateur-de-profondeur","status":"publish","type":"product","link":"https:\/\/lucacastelli.com\/fr\/produit\/regulateur-de-profondeur\/","title":{"rendered":"STIHL R\u00e9gulateur de profondeur"},"content":{"rendered":"<p>R\u00e9gulateur de profondeur avec manchon d\u2019aspiration. Il permet une coupe \u00e0 sec avec peu de poussi\u00e8re, tant \u00e0 l\u2019int\u00e9rieur qu\u2019\u00e0 l\u2019ext\u00e9rieur. La profondeur de coupe peut \u00eatre r\u00e9gl\u00e9e avec pr\u00e9cision \u00e0 toutes les \u00e9tapes pour TSA 230.<br \/>\n886661161720  <\/p>\n","protected":false},"excerpt":{"rendered":"<p>R\u00e9gulateur de profondeur<\/p>\n","protected":false},"featured_media":431510,"template":"","meta":{"_seopress_robots_primary_cat":"","_seopress_titles_title":"","_seopress_titles_desc":"","_seopress_robots_index":""},"product_brand":[3366],"product_cat":[29,495,496],"product_tag":[3265],"class_list":{"0":"post-465429","1":"product","2":"type-product","3":"status-publish","4":"has-post-thumbnail","6":"product_brand-stihl","7":"product_cat-macchinari","8":"product_cat-troncatrici-e-mototroncatrici","9":"product_cat-troncatrici","10":"product_tag-import-stihl","11":"sws-gruppo-macchinari-fr","12":"sws-conto-ricavi-merci-rivendita-macchinari-fr","13":"sws-gruppo-iva-iva81-fr","15":"first","16":"onbackorder","17":"purchasable","18":"product-type-simple"},"_links":{"self":[{"href":"https:\/\/lucacastelli.com\/fr\/wp-json\/wp\/v2\/product\/465429","targetHints":{"allow":["GET"]}}],"collection":[{"href":"https:\/\/lucacastelli.com\/fr\/wp-json\/wp\/v2\/product"}],"about":[{"href":"https:\/\/lucacastelli.com\/fr\/wp-json\/wp\/v2\/types\/product"}],"wp:featuredmedia":[{"embeddable":true,"href":"https:\/\/lucacastelli.com\/fr\/wp-json\/wp\/v2\/media\/431510"}],"wp:attachment":[{"href":"https:\/\/lucacastelli.com\/fr\/wp-json\/wp\/v2\/media?parent=465429"}],"wp:term":[{"taxonomy":"product_brand","embeddable":true,"href":"https:\/\/lucacastelli.com\/fr\/wp-json\/wp\/v2\/product_brand?post=465429"},{"taxonomy":"product_cat","embeddable":true,"href":"https:\/\/lucacastelli.com\/fr\/wp-json\/wp\/v2\/product_cat?post=465429"},{"taxonomy":"product_tag","embeddable":true,"href":"https:\/\/lucacastelli.com\/fr\/wp-json\/wp\/v2\/product_tag?post=465429"}],"curies":[{"name":"wp","href":"https:\/\/api.w.org\/{rel}","templated":true}]}}