{"id":465417,"date":"2025-06-01T00:48:32","date_gmt":"2025-05-31T22:48:32","guid":{"rendered":"https:\/\/lucacastelli.com\/prodotto\/gs-461-longueur-de-coupe-40cm-gbm\/"},"modified":"2025-06-28T20:03:57","modified_gmt":"2025-06-28T18:03:57","slug":"gs-461-longueur-de-coupe-40cm-gbm","status":"publish","type":"product","link":"https:\/\/lucacastelli.com\/fr\/produit\/gs-461-longueur-de-coupe-40cm-gbm\/","title":{"rendered":"STIHL GS 461, longueur de coupe 40cm, GBM"},"content":{"rendered":"<p>La premi\u00e8re tron\u00e7onneuse de coupe de mat\u00e9riaux de construction STIHL est le compl\u00e9ment id\u00e9al de votre scie \u00e0 onglets. Pour les d\u00e9coupes murales, les d\u00e9coupes de fen\u00eatres, les renfoncements traversants pour percer les murs en b\u00e9ton ou en pierre naturelle. Gr\u00e2ce \u00e0 des performances de coupe \u00e9lev\u00e9es et \u00e0 un poids l\u00e9ger, vous effectuerez le travail avec plus de pr\u00e9cision et en moins de temps que jamais. De plus, la STIHL GS 461 impressionne par sa facilit\u00e9 d\u2019utilisation, son design ergonomique et son utilisation efficace de l\u2019eau.<br \/>\n886661600601   <\/p>\n<p>Cylindr\u00e9e 76.5<br \/>\nPuissance Puissance<\/p>\n<p>Puissance Puissance Puissance<br \/>\n5.80<br \/>\nCO2 702<\/p>\n","protected":false},"excerpt":{"rendered":"<p>GS 461, longueur de coupe 40cm, GBM<\/p>\n","protected":false},"featured_media":430961,"template":"","meta":{"_seopress_robots_primary_cat":"","_seopress_titles_title":"","_seopress_titles_desc":"","_seopress_robots_index":""},"product_brand":[3366],"product_cat":[29,495],"product_tag":[3265],"class_list":{"0":"post-465417","1":"product","2":"type-product","3":"status-publish","4":"has-post-thumbnail","6":"product_brand-stihl","7":"product_cat-macchinari","8":"product_cat-troncatrici-e-mototroncatrici","9":"product_tag-import-stihl","10":"sws-gruppo-macchinari-fr","11":"sws-conto-ricavi-merci-rivendita-macchinari-fr","12":"sws-gruppo-iva-iva81-fr","14":"first","15":"onbackorder","16":"purchasable","17":"product-type-simple"},"_links":{"self":[{"href":"https:\/\/lucacastelli.com\/fr\/wp-json\/wp\/v2\/product\/465417","targetHints":{"allow":["GET"]}}],"collection":[{"href":"https:\/\/lucacastelli.com\/fr\/wp-json\/wp\/v2\/product"}],"about":[{"href":"https:\/\/lucacastelli.com\/fr\/wp-json\/wp\/v2\/types\/product"}],"wp:featuredmedia":[{"embeddable":true,"href":"https:\/\/lucacastelli.com\/fr\/wp-json\/wp\/v2\/media\/430961"}],"wp:attachment":[{"href":"https:\/\/lucacastelli.com\/fr\/wp-json\/wp\/v2\/media?parent=465417"}],"wp:term":[{"taxonomy":"product_brand","embeddable":true,"href":"https:\/\/lucacastelli.com\/fr\/wp-json\/wp\/v2\/product_brand?post=465417"},{"taxonomy":"product_cat","embeddable":true,"href":"https:\/\/lucacastelli.com\/fr\/wp-json\/wp\/v2\/product_cat?post=465417"},{"taxonomy":"product_tag","embeddable":true,"href":"https:\/\/lucacastelli.com\/fr\/wp-json\/wp\/v2\/product_tag?post=465417"}],"curies":[{"name":"wp","href":"https:\/\/api.w.org\/{rel}","templated":true}]}}