{"id":465412,"date":"2025-06-01T00:42:13","date_gmt":"2025-05-31T22:42:13","guid":{"rendered":"https:\/\/lucacastelli.com\/prodotto\/ts-420\/"},"modified":"2025-06-28T18:04:10","modified_gmt":"2025-06-28T16:04:10","slug":"ts-420","status":"publish","type":"product","link":"https:\/\/lucacastelli.com\/fr\/produit\/ts-420\/","title":{"rendered":"STIHL TS 420"},"content":{"rendered":"<p>Scie \u00e0 tron\u00e7onner compacte et maniable de 3,2 kW, avec disque de 350 mm de diam\u00e8tre. Filtre \u00e0 air innovant et durable avec pr\u00e9filtre cyclonique qui garantit une longue dur\u00e9e de vie du filtre et des intervalles de nettoyage plus longs. La r\u00e9duction des vibrations vous permet de travailler plus longtemps sans fatigue. Peut \u00eatre utilis\u00e9 \u00e0 la main ou avec un chariot FW 20.<br \/>\n795711309176  <\/p>\n<p>Cylindr\u00e9e 66.7<br \/>\nPuissance Puissance<\/p>\n<p>Puissance Puissance Puissance<br \/>\n4,30<br \/>\nCO2 747<\/p>\n","protected":false},"excerpt":{"rendered":"<p>TS 420<\/p>\n","protected":false},"featured_media":430593,"template":"","meta":{"_seopress_robots_primary_cat":"","_seopress_titles_title":"","_seopress_titles_desc":"","_seopress_robots_index":""},"product_brand":[3366],"product_cat":[29,495,496],"product_tag":[3265],"class_list":{"0":"post-465412","1":"product","2":"type-product","3":"status-publish","4":"has-post-thumbnail","6":"product_brand-stihl","7":"product_cat-macchinari","8":"product_cat-troncatrici-e-mototroncatrici","9":"product_cat-troncatrici","10":"product_tag-import-stihl","11":"sws-gruppo-macchinari-fr","12":"sws-conto-ricavi-merci-rivendita-macchinari-fr","13":"sws-gruppo-iva-iva81-fr","15":"first","16":"onbackorder","17":"purchasable","18":"product-type-simple"},"_links":{"self":[{"href":"https:\/\/lucacastelli.com\/fr\/wp-json\/wp\/v2\/product\/465412","targetHints":{"allow":["GET"]}}],"collection":[{"href":"https:\/\/lucacastelli.com\/fr\/wp-json\/wp\/v2\/product"}],"about":[{"href":"https:\/\/lucacastelli.com\/fr\/wp-json\/wp\/v2\/types\/product"}],"wp:featuredmedia":[{"embeddable":true,"href":"https:\/\/lucacastelli.com\/fr\/wp-json\/wp\/v2\/media\/430593"}],"wp:attachment":[{"href":"https:\/\/lucacastelli.com\/fr\/wp-json\/wp\/v2\/media?parent=465412"}],"wp:term":[{"taxonomy":"product_brand","embeddable":true,"href":"https:\/\/lucacastelli.com\/fr\/wp-json\/wp\/v2\/product_brand?post=465412"},{"taxonomy":"product_cat","embeddable":true,"href":"https:\/\/lucacastelli.com\/fr\/wp-json\/wp\/v2\/product_cat?post=465412"},{"taxonomy":"product_tag","embeddable":true,"href":"https:\/\/lucacastelli.com\/fr\/wp-json\/wp\/v2\/product_tag?post=465412"}],"curies":[{"name":"wp","href":"https:\/\/api.w.org\/{rel}","templated":true}]}}