{"id":465408,"date":"2025-06-01T00:47:53","date_gmt":"2025-05-31T22:47:53","guid":{"rendered":"https:\/\/lucacastelli.com\/prodotto\/ts-500i\/"},"modified":"2025-07-17T09:03:17","modified_gmt":"2025-07-17T07:03:17","slug":"ts-500i","status":"publish","type":"product","link":"https:\/\/lucacastelli.com\/fr\/produit\/ts-500i\/","title":{"rendered":"STIHL TS 500i"},"content":{"rendered":"<p>La tron\u00e7onneuse TS 500i \u00e0 injection \u00e0 commande \u00e9lectronique \u00e9tablit non seulement de nouvelles normes en mati\u00e8re de technologie des moteurs, mais aussi la nouvelle norme elle-m\u00eame. La base de cette technologie de moteur r\u00e9volutionnaire est la gestion \u00e9lectronique du sch\u00e9ma de consommation sp\u00e9cifique. Pour la premi\u00e8re fois, le point d\u2019allumage est d\u00e9termin\u00e9 non seulement par la vitesse, mais aussi par la charge. Pendant le fonctionnement, les valeurs optimales d\u2019allumage et d\u2019injection de carburant sont toujours d\u00e9termin\u00e9es, de sorte que l\u2019on peut compter sur les meilleures performances dans toutes les situations. Gr\u00e2ce \u00e0 cette nouvelle technologie, les compromis concernant le contr\u00f4le du moteur appartiennent d\u00e9sormais au pass\u00e9. Le carburateur et les r\u00e9glages manuels deviennent \u00e9galement superflus.<br \/>\n795711830687     <\/p>\n<p>Cylindr\u00e9e 72.2<br \/>\nPuissance Puissance<\/p>\n<p>Puissance Puissance Puissance<br \/>\n5,20<br \/>\nCO2 748<\/p>\n","protected":false},"excerpt":{"rendered":"<p>TS 500i<\/p>\n","protected":false},"featured_media":430932,"template":"","meta":{"_seopress_robots_primary_cat":"","_seopress_titles_title":"","_seopress_titles_desc":"","_seopress_robots_index":""},"product_brand":[3366],"product_cat":[29,495,496],"product_tag":[3265],"class_list":{"0":"post-465408","1":"product","2":"type-product","3":"status-publish","4":"has-post-thumbnail","6":"product_brand-stihl","7":"product_cat-macchinari","8":"product_cat-troncatrici-e-mototroncatrici","9":"product_cat-troncatrici","10":"product_tag-import-stihl","11":"sws-gruppo-macchinari-fr","12":"sws-conto-ricavi-merci-rivendita-macchinari-fr","13":"sws-gruppo-iva-iva81-fr","15":"first","16":"onbackorder","17":"purchasable","18":"product-type-simple"},"_links":{"self":[{"href":"https:\/\/lucacastelli.com\/fr\/wp-json\/wp\/v2\/product\/465408","targetHints":{"allow":["GET"]}}],"collection":[{"href":"https:\/\/lucacastelli.com\/fr\/wp-json\/wp\/v2\/product"}],"about":[{"href":"https:\/\/lucacastelli.com\/fr\/wp-json\/wp\/v2\/types\/product"}],"wp:featuredmedia":[{"embeddable":true,"href":"https:\/\/lucacastelli.com\/fr\/wp-json\/wp\/v2\/media\/430932"}],"wp:attachment":[{"href":"https:\/\/lucacastelli.com\/fr\/wp-json\/wp\/v2\/media?parent=465408"}],"wp:term":[{"taxonomy":"product_brand","embeddable":true,"href":"https:\/\/lucacastelli.com\/fr\/wp-json\/wp\/v2\/product_brand?post=465408"},{"taxonomy":"product_cat","embeddable":true,"href":"https:\/\/lucacastelli.com\/fr\/wp-json\/wp\/v2\/product_cat?post=465408"},{"taxonomy":"product_tag","embeddable":true,"href":"https:\/\/lucacastelli.com\/fr\/wp-json\/wp\/v2\/product_tag?post=465408"}],"curies":[{"name":"wp","href":"https:\/\/api.w.org\/{rel}","templated":true}]}}