{"id":465400,"date":"2025-06-01T00:41:14","date_gmt":"2025-05-31T22:41:14","guid":{"rendered":"https:\/\/lucacastelli.com\/prodotto\/chariot-de-guidage-fw-20-pour-ts-410-ts-420-ts-480i-ts-500i\/"},"modified":"2025-06-28T19:09:47","modified_gmt":"2025-06-28T17:09:47","slug":"chariot-de-guidage-fw-20-pour-ts-410-ts-420-ts-480i-ts-500i","status":"publish","type":"product","link":"https:\/\/lucacastelli.com\/fr\/produit\/chariot-de-guidage-fw-20-pour-ts-410-ts-420-ts-480i-ts-500i\/","title":{"rendered":"STIHL Chariot de guidage FW 20, pour TS 410, TS 420, TS 480i, TS 500i"},"content":{"rendered":"<p>Pour des carres pr\u00e9cises avec une profondeur de coupe millim\u00e9trique lors de coupes plus longues. Convient \u00e0 toutes les scies \u00e0 onglets guid\u00e9es \u00e0 la main STIHL . Kit de conversion avec syst\u00e8me de verrouillage rapide fourni.<br \/>\n886661635030<\/p>\n","protected":false},"excerpt":{"rendered":"<p>Chariot de guidage FW 20, pour TS 410, TS 420, TS 480i, TS 500i<\/p>\n","protected":false},"featured_media":430556,"template":"","meta":{"_seopress_robots_primary_cat":"","_seopress_titles_title":"","_seopress_titles_desc":"","_seopress_robots_index":""},"product_brand":[3366],"product_cat":[29,495,496],"product_tag":[3265],"class_list":{"0":"post-465400","1":"product","2":"type-product","3":"status-publish","4":"has-post-thumbnail","6":"product_brand-stihl","7":"product_cat-macchinari","8":"product_cat-troncatrici-e-mototroncatrici","9":"product_cat-troncatrici","10":"product_tag-import-stihl","11":"sws-gruppo-macchinari-fr","12":"sws-conto-ricavi-merci-rivendita-macchinari-fr","13":"sws-gruppo-iva-iva81-fr","15":"first","16":"onbackorder","17":"sale","18":"purchasable","19":"product-type-simple"},"_links":{"self":[{"href":"https:\/\/lucacastelli.com\/fr\/wp-json\/wp\/v2\/product\/465400","targetHints":{"allow":["GET"]}}],"collection":[{"href":"https:\/\/lucacastelli.com\/fr\/wp-json\/wp\/v2\/product"}],"about":[{"href":"https:\/\/lucacastelli.com\/fr\/wp-json\/wp\/v2\/types\/product"}],"wp:featuredmedia":[{"embeddable":true,"href":"https:\/\/lucacastelli.com\/fr\/wp-json\/wp\/v2\/media\/430556"}],"wp:attachment":[{"href":"https:\/\/lucacastelli.com\/fr\/wp-json\/wp\/v2\/media?parent=465400"}],"wp:term":[{"taxonomy":"product_brand","embeddable":true,"href":"https:\/\/lucacastelli.com\/fr\/wp-json\/wp\/v2\/product_brand?post=465400"},{"taxonomy":"product_cat","embeddable":true,"href":"https:\/\/lucacastelli.com\/fr\/wp-json\/wp\/v2\/product_cat?post=465400"},{"taxonomy":"product_tag","embeddable":true,"href":"https:\/\/lucacastelli.com\/fr\/wp-json\/wp\/v2\/product_tag?post=465400"}],"curies":[{"name":"wp","href":"https:\/\/api.w.org\/{rel}","templated":true}]}}