{"id":465391,"date":"2025-05-31T23:02:36","date_gmt":"2025-05-31T21:02:36","guid":{"rendered":"https:\/\/lucacastelli.com\/prodotto\/ts-910i\/"},"modified":"2025-08-18T10:32:12","modified_gmt":"2025-08-18T08:32:12","slug":"ts-910i","status":"publish","type":"product","link":"https:\/\/lucacastelli.com\/fr\/produit\/ts-910i\/","title":{"rendered":"TS 910i"},"content":{"rendered":"<p>La TS 910i est id\u00e9ale pour le sciage pr\u00e9cis et ergonomique des mat\u00e9riaux de construction min\u00e9raux ou m\u00e9talliques. Avec une puissance de 6,2 kW, cette tron\u00e7onneuse universelle est \u00e9quip\u00e9e de STIHL.\/ppL\u2019injection \u00e0 commande \u00e9lectronique assure un fonctionnement sans faille et un couple \u00e9lev\u00e9. De plus, gr\u00e2ce \u00e0 la combinaison innovante de la technologie d\u2019injection STIHL et d\u2019un syst\u00e8me moderne de lavage des stratifi\u00e9s dans le moteur, la nouvelle g\u00e9n\u00e9ration de tron\u00e7onneuses impressionne par son efficacit\u00e9 \u00e9lev\u00e9e et ses faibles \u00e9missions. En m\u00eame temps, le dosage du carburant command\u00e9 par capteur, combin\u00e9 \u00e0 la soupape de d\u00e9compression et \u00e0 STIHL ElastoStart, rend le d\u00e9marrage de la scie particuli\u00e8rement facile, tandis que l\u2019arr\u00eat se fait simplement en appuyant sur le bouton d\u2019arr\u00eat.<br \/>\n886661307937<\/p>\n<p>Cylindr\u00e9e 102.1<br \/>\nPuissance Puissance<\/p>\n<p>Puissance Puissance Puissance<br \/>\n8,30<br \/>\nCO2 694<\/p>\n","protected":false},"excerpt":{"rendered":"<p>TS 910i<\/p>\n","protected":false},"featured_media":424250,"template":"","meta":{"_seopress_robots_primary_cat":"","_seopress_titles_title":"","_seopress_titles_desc":"","_seopress_robots_index":""},"product_brand":[3366],"product_cat":[29,495,496],"product_tag":[3265],"class_list":{"0":"post-465391","1":"product","2":"type-product","3":"status-publish","4":"has-post-thumbnail","6":"product_brand-stihl","7":"product_cat-macchinari","8":"product_cat-troncatrici-e-mototroncatrici","9":"product_cat-troncatrici","10":"product_tag-import-stihl","11":"sws-gruppo-macchinari-fr","12":"sws-conto-ricavi-merci-rivendita-macchinari-fr","13":"sws-gruppo-iva-iva81-fr","15":"first","16":"onbackorder","17":"purchasable","18":"product-type-simple"},"_links":{"self":[{"href":"https:\/\/lucacastelli.com\/fr\/wp-json\/wp\/v2\/product\/465391","targetHints":{"allow":["GET"]}}],"collection":[{"href":"https:\/\/lucacastelli.com\/fr\/wp-json\/wp\/v2\/product"}],"about":[{"href":"https:\/\/lucacastelli.com\/fr\/wp-json\/wp\/v2\/types\/product"}],"wp:featuredmedia":[{"embeddable":true,"href":"https:\/\/lucacastelli.com\/fr\/wp-json\/wp\/v2\/media\/424250"}],"wp:attachment":[{"href":"https:\/\/lucacastelli.com\/fr\/wp-json\/wp\/v2\/media?parent=465391"}],"wp:term":[{"taxonomy":"product_brand","embeddable":true,"href":"https:\/\/lucacastelli.com\/fr\/wp-json\/wp\/v2\/product_brand?post=465391"},{"taxonomy":"product_cat","embeddable":true,"href":"https:\/\/lucacastelli.com\/fr\/wp-json\/wp\/v2\/product_cat?post=465391"},{"taxonomy":"product_tag","embeddable":true,"href":"https:\/\/lucacastelli.com\/fr\/wp-json\/wp\/v2\/product_tag?post=465391"}],"curies":[{"name":"wp","href":"https:\/\/api.w.org\/{rel}","templated":true}]}}