{"id":465385,"date":"2025-05-31T22:51:35","date_gmt":"2025-05-31T20:51:35","guid":{"rendered":"https:\/\/lucacastelli.com\/prodotto\/disques-a-tronconner-en-resine-acier-350x4-mm\/"},"modified":"2025-05-31T22:51:35","modified_gmt":"2025-05-31T20:51:35","slug":"disques-a-tronconner-en-resine-acier-350x4-mm","status":"publish","type":"product","link":"https:\/\/lucacastelli.com\/fr\/produit\/disques-a-tronconner-en-resine-acier-350x4-mm\/","title":{"rendered":"Disques \u00e0 tron\u00e7onner en r\u00e9sine \u00ab&nbsp;Acier&nbsp;\u00bb, 350&#215;4 mm"},"content":{"rendered":"<p>Disque li\u00e9 en r\u00e9sine pour la coupe de l\u2019acier et de l\u2019acier de construction.<br \/>\n886661333912<\/p>\n","protected":false},"excerpt":{"rendered":"<p>Disques \u00e0 tron\u00e7onner en r\u00e9sine \u00ab&nbsp;Acier&nbsp;\u00bb, 350&#215;4 mm<\/p>\n","protected":false},"featured_media":423225,"template":"","meta":{"_seopress_robots_primary_cat":"","_seopress_titles_title":"","_seopress_titles_desc":"","_seopress_robots_index":""},"product_brand":[3555],"product_cat":[1688,1689,167,1687],"product_tag":[3267],"class_list":{"0":"post-465385","1":"product","2":"type-product","3":"status-publish","4":"has-post-thumbnail","6":"product_brand-stihl-fr","7":"product_cat-accessoires-et-consommables-fr-8","8":"product_cat-coupe-bordures-et-elagueurs","9":"product_cat-machines","10":"product_cat-tondeuses-electriques","11":"product_tag-import-stihl-fr","12":"sws-gruppo-macchinari-fr","13":"sws-conto-ricavi-merci-rivendita-macchinari-fr","14":"sws-gruppo-iva-iva81-fr","16":"first","17":"onbackorder","18":"purchasable","19":"product-type-simple"},"_links":{"self":[{"href":"https:\/\/lucacastelli.com\/fr\/wp-json\/wp\/v2\/product\/465385","targetHints":{"allow":["GET"]}}],"collection":[{"href":"https:\/\/lucacastelli.com\/fr\/wp-json\/wp\/v2\/product"}],"about":[{"href":"https:\/\/lucacastelli.com\/fr\/wp-json\/wp\/v2\/types\/product"}],"wp:featuredmedia":[{"embeddable":true,"href":"https:\/\/lucacastelli.com\/fr\/wp-json\/wp\/v2\/media\/423225"}],"wp:attachment":[{"href":"https:\/\/lucacastelli.com\/fr\/wp-json\/wp\/v2\/media?parent=465385"}],"wp:term":[{"taxonomy":"product_brand","embeddable":true,"href":"https:\/\/lucacastelli.com\/fr\/wp-json\/wp\/v2\/product_brand?post=465385"},{"taxonomy":"product_cat","embeddable":true,"href":"https:\/\/lucacastelli.com\/fr\/wp-json\/wp\/v2\/product_cat?post=465385"},{"taxonomy":"product_tag","embeddable":true,"href":"https:\/\/lucacastelli.com\/fr\/wp-json\/wp\/v2\/product_tag?post=465385"}],"curies":[{"name":"wp","href":"https:\/\/api.w.org\/{rel}","templated":true}]}}