{"id":465378,"date":"2025-05-31T22:40:51","date_gmt":"2025-05-31T20:40:51","guid":{"rendered":"https:\/\/lucacastelli.com\/prodotto\/disques-a-tronconner-en-resine-stone-400x45-mm\/"},"modified":"2026-03-02T14:14:54","modified_gmt":"2026-03-02T13:14:54","slug":"disques-a-tronconner-en-resine-stone-400x45-mm","status":"publish","type":"product","link":"https:\/\/lucacastelli.com\/fr\/produit\/disques-a-tronconner-en-resine-stone-400x45-mm\/","title":{"rendered":"Disques \u00e0 d\u00e9couper en r\u00e9sine STIHL \u00ab&nbsp;Pierre&nbsp;\u00bb, 400&#215;4,5 mm"},"content":{"rendered":"<p>Disque \u00e0 usage universel dans le b\u00e2timent. Coupe tous les types de pierre, mais aussi l\u2019aluminium et d\u2019autres m\u00e9taux non ferreux.<br \/>\n795711135638 <\/p>\n","protected":false},"excerpt":{"rendered":"<p>Disques \u00e0 d\u00e9couper en r\u00e9sine \u00ab&nbsp;Pierre&nbsp;\u00bb, 400&#215;4,5 mm<\/p>\n","protected":false},"featured_media":422978,"template":"","meta":{"_seopress_robots_primary_cat":"","_seopress_titles_title":"","_seopress_titles_desc":"","_seopress_robots_index":""},"product_brand":[3555],"product_cat":[1689,167,1686],"product_tag":[3267],"class_list":{"0":"post-465378","1":"product","2":"type-product","3":"status-publish","4":"has-post-thumbnail","6":"product_brand-stihl-fr","7":"product_cat-coupe-bordures-et-elagueurs","8":"product_cat-machines","9":"product_cat-tronconneuses-fr","10":"product_tag-import-stihl-fr","11":"sws-gruppo-macchinari-fr","12":"sws-conto-ricavi-merci-rivendita-macchinari-fr","13":"sws-gruppo-iva-iva81-fr","15":"first","16":"onbackorder","17":"purchasable","18":"product-type-simple"},"_links":{"self":[{"href":"https:\/\/lucacastelli.com\/fr\/wp-json\/wp\/v2\/product\/465378","targetHints":{"allow":["GET"]}}],"collection":[{"href":"https:\/\/lucacastelli.com\/fr\/wp-json\/wp\/v2\/product"}],"about":[{"href":"https:\/\/lucacastelli.com\/fr\/wp-json\/wp\/v2\/types\/product"}],"wp:featuredmedia":[{"embeddable":true,"href":"https:\/\/lucacastelli.com\/fr\/wp-json\/wp\/v2\/media\/422978"}],"wp:attachment":[{"href":"https:\/\/lucacastelli.com\/fr\/wp-json\/wp\/v2\/media?parent=465378"}],"wp:term":[{"taxonomy":"product_brand","embeddable":true,"href":"https:\/\/lucacastelli.com\/fr\/wp-json\/wp\/v2\/product_brand?post=465378"},{"taxonomy":"product_cat","embeddable":true,"href":"https:\/\/lucacastelli.com\/fr\/wp-json\/wp\/v2\/product_cat?post=465378"},{"taxonomy":"product_tag","embeddable":true,"href":"https:\/\/lucacastelli.com\/fr\/wp-json\/wp\/v2\/product_tag?post=465378"}],"curies":[{"name":"wp","href":"https:\/\/api.w.org\/{rel}","templated":true}]}}