{"id":465376,"date":"2025-05-31T22:40:39","date_gmt":"2025-05-31T20:40:39","guid":{"rendered":"https:\/\/lucacastelli.com\/prodotto\/disques-a-tronconner-en-resine-stone-300x35-mm\/"},"modified":"2026-03-02T14:15:14","modified_gmt":"2026-03-02T13:15:14","slug":"disques-a-tronconner-en-resine-stone-300x35-mm","status":"publish","type":"product","link":"https:\/\/lucacastelli.com\/fr\/produit\/disques-a-tronconner-en-resine-stone-300x35-mm\/","title":{"rendered":"STIHL Disques \u00e0 tron\u00e7onner en r\u00e9sine &#8220;Pierre&#8221;, 300&#215;3,5 mm"},"content":{"rendered":"<p>Disque pour usage universel dans le b\u00e2timent. Coupe tous les types de pierre, mais aussi l&#8217;aluminium et autres m\u00e9taux non ferreux.<br \/>\n795711135577 <\/p>\n","protected":false},"excerpt":{"rendered":"<p>Disques \u00e0 tron\u00e7onner en r\u00e9sine &#8220;Pierre&#8221;, 300&#215;3,5 mm<\/p>\n","protected":false},"featured_media":422978,"template":"","meta":{"_seopress_robots_primary_cat":"","_seopress_titles_title":"","_seopress_titles_desc":"","_seopress_robots_index":""},"product_brand":[3366],"product_cat":[29,495,496],"product_tag":[3265],"class_list":{"0":"post-465376","1":"product","2":"type-product","3":"status-publish","4":"has-post-thumbnail","6":"product_brand-stihl","7":"product_cat-macchinari","8":"product_cat-troncatrici-e-mototroncatrici","9":"product_cat-troncatrici","10":"product_tag-import-stihl","11":"sws-gruppo-macchinari-fr","12":"sws-conto-ricavi-merci-rivendita-macchinari-fr","13":"sws-gruppo-iva-iva81-fr","15":"first","16":"onbackorder","17":"purchasable","18":"product-type-simple"},"_links":{"self":[{"href":"https:\/\/lucacastelli.com\/fr\/wp-json\/wp\/v2\/product\/465376","targetHints":{"allow":["GET"]}}],"collection":[{"href":"https:\/\/lucacastelli.com\/fr\/wp-json\/wp\/v2\/product"}],"about":[{"href":"https:\/\/lucacastelli.com\/fr\/wp-json\/wp\/v2\/types\/product"}],"wp:featuredmedia":[{"embeddable":true,"href":"https:\/\/lucacastelli.com\/fr\/wp-json\/wp\/v2\/media\/422978"}],"wp:attachment":[{"href":"https:\/\/lucacastelli.com\/fr\/wp-json\/wp\/v2\/media?parent=465376"}],"wp:term":[{"taxonomy":"product_brand","embeddable":true,"href":"https:\/\/lucacastelli.com\/fr\/wp-json\/wp\/v2\/product_brand?post=465376"},{"taxonomy":"product_cat","embeddable":true,"href":"https:\/\/lucacastelli.com\/fr\/wp-json\/wp\/v2\/product_cat?post=465376"},{"taxonomy":"product_tag","embeddable":true,"href":"https:\/\/lucacastelli.com\/fr\/wp-json\/wp\/v2\/product_tag?post=465376"}],"curies":[{"name":"wp","href":"https:\/\/api.w.org\/{rel}","templated":true}]}}