{"id":465374,"date":"2025-05-31T22:01:46","date_gmt":"2025-05-31T20:01:46","guid":{"rendered":"https:\/\/lucacastelli.com\/prodotto\/tsa-300-sans-batterie-ni-chargeur\/"},"modified":"2026-03-02T10:26:46","modified_gmt":"2026-03-02T09:26:46","slug":"tsa-300-sans-batterie-ni-chargeur","status":"publish","type":"product","link":"https:\/\/lucacastelli.com\/fr\/produit\/tsa-300-sans-batterie-ni-chargeur\/","title":{"rendered":"STIHL TSA 300, sans batterie ni chargeur"},"content":{"rendered":"<p>Scie \u00e0 tron\u00e7onner sans fil l\u00e9g\u00e8re pour disques de coupe 300 nbsp&nbsp;; mm. Convient pour une utilisation \u00e0 l\u2019int\u00e9rieur et \u00e0 l\u2019ext\u00e9rieur, profondeur de coupe 110 mm, raccordement \u00e0 l\u2019eau avec robinet \u00e0 bille et raccord de tuyau pour la coupe humide. Verrouillage de l\u2019arbre de transmission, entra\u00eenement par courroie sans entretien\/p<br \/>\n795711883898  <\/p>\n<p>Tension nominale 36<br \/>\nConsommation \u00e9lectrique Consommation \u00e9lectrique<\/p>\n<p>Alimentation Syst\u00e8me de<br \/>\nbatterie AP<br \/>\nBatterie recommand\u00e9e AP 500 S<\/p>\n","protected":false},"excerpt":{"rendered":"<p>Scie \u00e0 tron\u00e7onner sans fil l\u00e9g\u00e8re pour disques de coupe 300 nbsp&nbsp;; mm. Convient pour une utilisation \u00e0 l\u2019int\u00e9rieur et<\/p>\n","protected":false},"featured_media":436475,"template":"","meta":{"_seopress_robots_primary_cat":"","_seopress_titles_title":"","_seopress_titles_desc":"","_seopress_robots_index":""},"product_brand":[3555],"product_cat":[1689,167,1686],"product_tag":[3267],"class_list":{"0":"post-465374","1":"product","2":"type-product","3":"status-publish","4":"has-post-thumbnail","6":"product_brand-stihl-fr","7":"product_cat-coupe-bordures-et-elagueurs","8":"product_cat-machines","9":"product_cat-tronconneuses-fr","10":"product_tag-import-stihl-fr","11":"sws-gruppo-macchinari","12":"sws-conto-ricavi-merci-rivendita-macchinari","13":"sws-gruppo-iva-iva81","15":"first","16":"onbackorder","17":"purchasable","18":"product-type-simple"},"_links":{"self":[{"href":"https:\/\/lucacastelli.com\/fr\/wp-json\/wp\/v2\/product\/465374","targetHints":{"allow":["GET"]}}],"collection":[{"href":"https:\/\/lucacastelli.com\/fr\/wp-json\/wp\/v2\/product"}],"about":[{"href":"https:\/\/lucacastelli.com\/fr\/wp-json\/wp\/v2\/types\/product"}],"wp:featuredmedia":[{"embeddable":true,"href":"https:\/\/lucacastelli.com\/fr\/wp-json\/wp\/v2\/media\/436475"}],"wp:attachment":[{"href":"https:\/\/lucacastelli.com\/fr\/wp-json\/wp\/v2\/media?parent=465374"}],"wp:term":[{"taxonomy":"product_brand","embeddable":true,"href":"https:\/\/lucacastelli.com\/fr\/wp-json\/wp\/v2\/product_brand?post=465374"},{"taxonomy":"product_cat","embeddable":true,"href":"https:\/\/lucacastelli.com\/fr\/wp-json\/wp\/v2\/product_cat?post=465374"},{"taxonomy":"product_tag","embeddable":true,"href":"https:\/\/lucacastelli.com\/fr\/wp-json\/wp\/v2\/product_tag?post=465374"}],"curies":[{"name":"wp","href":"https:\/\/api.w.org\/{rel}","templated":true}]}}