{"id":465371,"date":"2025-05-31T22:40:33","date_gmt":"2025-05-31T20:40:33","guid":{"rendered":"https:\/\/lucacastelli.com\/prodotto\/disques-en-resinoide-acier\/"},"modified":"2025-05-31T22:40:33","modified_gmt":"2025-05-31T20:40:33","slug":"disques-en-resinoide-acier","status":"publish","type":"product","link":"https:\/\/lucacastelli.com\/fr\/produit\/disques-en-resinoide-acier\/","title":{"rendered":"Disques en r\u00e9sino\u00efde, acier"},"content":{"rendered":"<p>Disques \u00e0 tron\u00e7onner en r\u00e9sine synth\u00e9tique adapt\u00e9s \u00e0 l\u2019acier normal<br \/>\net \u00e0 l\u2019acier alli\u00e9.<br \/>\n886661066988<\/p>\n","protected":false},"excerpt":{"rendered":"<p>Disques en r\u00e9sino\u00efde, acier<\/p>\n","protected":false},"featured_media":422971,"template":"","meta":{"_seopress_robots_primary_cat":"","_seopress_titles_title":"","_seopress_titles_desc":"","_seopress_robots_index":""},"product_brand":[3555],"product_cat":[1570,1689,167],"product_tag":[3267],"class_list":{"0":"post-465371","1":"product","2":"type-product","3":"status-publish","4":"has-post-thumbnail","6":"product_brand-stihl-fr","7":"product_cat-accessoires-et-consommables-fr-2","8":"product_cat-coupe-bordures-et-elagueurs","9":"product_cat-machines","10":"product_tag-import-stihl-fr","11":"sws-gruppo-macchinari-fr","12":"sws-conto-ricavi-merci-rivendita-macchinari-fr","13":"sws-gruppo-iva-iva81-fr","15":"first","16":"onbackorder","17":"sale","18":"purchasable","19":"product-type-simple"},"_links":{"self":[{"href":"https:\/\/lucacastelli.com\/fr\/wp-json\/wp\/v2\/product\/465371","targetHints":{"allow":["GET"]}}],"collection":[{"href":"https:\/\/lucacastelli.com\/fr\/wp-json\/wp\/v2\/product"}],"about":[{"href":"https:\/\/lucacastelli.com\/fr\/wp-json\/wp\/v2\/types\/product"}],"wp:featuredmedia":[{"embeddable":true,"href":"https:\/\/lucacastelli.com\/fr\/wp-json\/wp\/v2\/media\/422971"}],"wp:attachment":[{"href":"https:\/\/lucacastelli.com\/fr\/wp-json\/wp\/v2\/media?parent=465371"}],"wp:term":[{"taxonomy":"product_brand","embeddable":true,"href":"https:\/\/lucacastelli.com\/fr\/wp-json\/wp\/v2\/product_brand?post=465371"},{"taxonomy":"product_cat","embeddable":true,"href":"https:\/\/lucacastelli.com\/fr\/wp-json\/wp\/v2\/product_cat?post=465371"},{"taxonomy":"product_tag","embeddable":true,"href":"https:\/\/lucacastelli.com\/fr\/wp-json\/wp\/v2\/product_tag?post=465371"}],"curies":[{"name":"wp","href":"https:\/\/api.w.org\/{rel}","templated":true}]}}