{"id":465369,"date":"2025-05-31T21:54:24","date_gmt":"2025-05-31T19:54:24","guid":{"rendered":"https:\/\/lucacastelli.com\/prodotto\/disques-a-tronconner-en-resine-acier-400x45-mm\/"},"modified":"2025-06-28T19:46:02","modified_gmt":"2025-06-28T17:46:02","slug":"disques-a-tronconner-en-resine-acier-400x45-mm","status":"publish","type":"product","link":"https:\/\/lucacastelli.com\/fr\/produit\/disques-a-tronconner-en-resine-acier-400x45-mm\/","title":{"rendered":"STIHL Disques \u00e0 tron\u00e7onner en r\u00e9sine \u00ab&nbsp;Acier&nbsp;\u00bb, 400&#215;4,5 mm"},"content":{"rendered":"<p>Disque li\u00e9 en r\u00e9sine pour la coupe de l\u2019acier et de l\u2019acier de construction.<br \/>\n886661730056<\/p>\n","protected":false},"excerpt":{"rendered":"<p>Disque li\u00e9 en r\u00e9sine pour la coupe de l\u2019acier et de l\u2019acier de construction. 886661730056<\/p>\n","protected":false},"featured_media":423227,"template":"","meta":{"_seopress_robots_primary_cat":"","_seopress_titles_title":"","_seopress_titles_desc":"","_seopress_robots_index":""},"product_brand":[3555],"product_cat":[1689,167,1686],"product_tag":[3267],"class_list":{"0":"post-465369","1":"product","2":"type-product","3":"status-publish","4":"has-post-thumbnail","6":"product_brand-stihl-fr","7":"product_cat-coupe-bordures-et-elagueurs","8":"product_cat-machines","9":"product_cat-tronconneuses-fr","10":"product_tag-import-stihl-fr","11":"sws-gruppo-macchinari-fr","12":"sws-conto-ricavi-merci-rivendita-macchinari-fr","13":"sws-gruppo-iva-iva81-fr","15":"first","16":"onbackorder","17":"purchasable","18":"product-type-simple"},"_links":{"self":[{"href":"https:\/\/lucacastelli.com\/fr\/wp-json\/wp\/v2\/product\/465369","targetHints":{"allow":["GET"]}}],"collection":[{"href":"https:\/\/lucacastelli.com\/fr\/wp-json\/wp\/v2\/product"}],"about":[{"href":"https:\/\/lucacastelli.com\/fr\/wp-json\/wp\/v2\/types\/product"}],"wp:featuredmedia":[{"embeddable":true,"href":"https:\/\/lucacastelli.com\/fr\/wp-json\/wp\/v2\/media\/423227"}],"wp:attachment":[{"href":"https:\/\/lucacastelli.com\/fr\/wp-json\/wp\/v2\/media?parent=465369"}],"wp:term":[{"taxonomy":"product_brand","embeddable":true,"href":"https:\/\/lucacastelli.com\/fr\/wp-json\/wp\/v2\/product_brand?post=465369"},{"taxonomy":"product_cat","embeddable":true,"href":"https:\/\/lucacastelli.com\/fr\/wp-json\/wp\/v2\/product_cat?post=465369"},{"taxonomy":"product_tag","embeddable":true,"href":"https:\/\/lucacastelli.com\/fr\/wp-json\/wp\/v2\/product_tag?post=465369"}],"curies":[{"name":"wp","href":"https:\/\/api.w.org\/{rel}","templated":true}]}}