{"id":465355,"date":"2025-06-01T01:08:08","date_gmt":"2025-05-31T23:08:08","guid":{"rendered":"https:\/\/lucacastelli.com\/prodotto\/support-de-chaine-2-en-1-chaines-325-p-48-mm\/"},"modified":"2025-06-28T03:53:37","modified_gmt":"2025-06-28T01:53:37","slug":"support-de-chaine-2-en-1-chaines-325-p-48-mm","status":"publish","type":"product","link":"https:\/\/lucacastelli.com\/fr\/produit\/support-de-chaine-2-en-1-chaines-325-p-48-mm\/","title":{"rendered":"STIHL Support de cha\u00eene 2 en 1, cha\u00eenes 325&#8243; P 4,8 mm"},"content":{"rendered":"<p>Pour l\u2019aff\u00fbtage des cha\u00eenes .325&nbsp;\u00bb, 3\/8&nbsp;\u00bb et 3\/8 P. Les dents et le limiteur de profondeur peuvent \u00eatre r\u00e9aff\u00fbt\u00e9s rapidement et facilement en une seule op\u00e9ration. Il comprend une lime ronde et une lime plate.<br \/>\n795711424244 <\/p>\n","protected":false},"excerpt":{"rendered":"<p>Support de cha\u00eene 2 en 1, cha\u00eenes 325&#8243; P 4,8 mm<\/p>\n","protected":false},"featured_media":424963,"template":"","meta":{"_seopress_robots_primary_cat":"","_seopress_titles_title":"","_seopress_titles_desc":"","_seopress_robots_index":""},"product_brand":[3366],"product_cat":[29,515,268],"product_tag":[3265],"class_list":{"0":"post-465355","1":"product","2":"type-product","3":"status-publish","4":"has-post-thumbnail","6":"product_brand-stihl","7":"product_cat-macchinari","8":"product_cat-accessori-e-materiale-di-consumo-altri-dispositivi","9":"product_cat-motoseghe","10":"product_tag-import-stihl","11":"sws-gruppo-macchinari-fr","12":"sws-conto-ricavi-merci-rivendita-macchinari-fr","13":"sws-gruppo-iva-iva81-fr","15":"first","16":"onbackorder","17":"purchasable","18":"product-type-simple"},"_links":{"self":[{"href":"https:\/\/lucacastelli.com\/fr\/wp-json\/wp\/v2\/product\/465355","targetHints":{"allow":["GET"]}}],"collection":[{"href":"https:\/\/lucacastelli.com\/fr\/wp-json\/wp\/v2\/product"}],"about":[{"href":"https:\/\/lucacastelli.com\/fr\/wp-json\/wp\/v2\/types\/product"}],"wp:featuredmedia":[{"embeddable":true,"href":"https:\/\/lucacastelli.com\/fr\/wp-json\/wp\/v2\/media\/424963"}],"wp:attachment":[{"href":"https:\/\/lucacastelli.com\/fr\/wp-json\/wp\/v2\/media?parent=465355"}],"wp:term":[{"taxonomy":"product_brand","embeddable":true,"href":"https:\/\/lucacastelli.com\/fr\/wp-json\/wp\/v2\/product_brand?post=465355"},{"taxonomy":"product_cat","embeddable":true,"href":"https:\/\/lucacastelli.com\/fr\/wp-json\/wp\/v2\/product_cat?post=465355"},{"taxonomy":"product_tag","embeddable":true,"href":"https:\/\/lucacastelli.com\/fr\/wp-json\/wp\/v2\/product_tag?post=465355"}],"curies":[{"name":"wp","href":"https:\/\/api.w.org\/{rel}","templated":true}]}}