{"id":465337,"date":"2025-06-01T01:05:24","date_gmt":"2025-05-31T23:05:24","guid":{"rendered":"https:\/\/lucacastelli.com\/prodotto\/stihl-usg-luminaire-de-base\/"},"modified":"2025-06-01T01:05:24","modified_gmt":"2025-05-31T23:05:24","slug":"stihl-usg-luminaire-de-base","status":"publish","type":"product","link":"https:\/\/lucacastelli.com\/fr\/produit\/stihl-usg-luminaire-de-base\/","title":{"rendered":"STIHL USG, luminaire de base"},"content":{"rendered":"<p>Dispositif d\u2019aff\u00fbtage universel pour toutes les cha\u00eenes, scies circulaires pour STIHL lames de taille-haie STIHL. L\u2019appareil de base est complet avec un support pivotant pour toutes les cha\u00eenes STIHL Oilomatic et 2 roues profil\u00e9es. Il existe 3 autres supports diff\u00e9rents : pour les cha\u00eenes \u00e0 dents pointues, pour les couteaux de taille-haie et pour les scies circulaires.<br \/>\n795711862039  <\/p>\n","protected":false},"excerpt":{"rendered":"<p>STIHL USG, luminaire de base<\/p>\n","protected":false},"featured_media":437701,"template":"","meta":{"_seopress_robots_primary_cat":"","_seopress_titles_title":"","_seopress_titles_desc":"","_seopress_robots_index":""},"product_brand":[3555],"product_cat":[1456,167,1604],"product_tag":[3267],"class_list":{"0":"post-465337","1":"product","2":"type-product","3":"status-publish","4":"has-post-thumbnail","6":"product_brand-stihl-fr","7":"product_cat-accessoires-et-consommables-fr","8":"product_cat-machines","9":"product_cat-tronconneuses","10":"product_tag-import-stihl-fr","11":"sws-gruppo-macchinari-fr","12":"sws-conto-ricavi-merci-rivendita-macchinari-fr","13":"sws-gruppo-iva-iva81-fr","15":"first","16":"onbackorder","17":"purchasable","18":"product-type-simple"},"_links":{"self":[{"href":"https:\/\/lucacastelli.com\/fr\/wp-json\/wp\/v2\/product\/465337","targetHints":{"allow":["GET"]}}],"collection":[{"href":"https:\/\/lucacastelli.com\/fr\/wp-json\/wp\/v2\/product"}],"about":[{"href":"https:\/\/lucacastelli.com\/fr\/wp-json\/wp\/v2\/types\/product"}],"wp:featuredmedia":[{"embeddable":true,"href":"https:\/\/lucacastelli.com\/fr\/wp-json\/wp\/v2\/media\/437701"}],"wp:attachment":[{"href":"https:\/\/lucacastelli.com\/fr\/wp-json\/wp\/v2\/media?parent=465337"}],"wp:term":[{"taxonomy":"product_brand","embeddable":true,"href":"https:\/\/lucacastelli.com\/fr\/wp-json\/wp\/v2\/product_brand?post=465337"},{"taxonomy":"product_cat","embeddable":true,"href":"https:\/\/lucacastelli.com\/fr\/wp-json\/wp\/v2\/product_cat?post=465337"},{"taxonomy":"product_tag","embeddable":true,"href":"https:\/\/lucacastelli.com\/fr\/wp-json\/wp\/v2\/product_tag?post=465337"}],"curies":[{"name":"wp","href":"https:\/\/api.w.org\/{rel}","templated":true}]}}