{"id":465332,"date":"2025-06-01T01:06:32","date_gmt":"2025-05-31T23:06:32","guid":{"rendered":"https:\/\/lucacastelli.com\/prodotto\/aiguiseur-fg-2\/"},"modified":"2025-07-30T14:20:50","modified_gmt":"2025-07-30T12:20:50","slug":"aiguiseur-fg-2","status":"publish","type":"product","link":"https:\/\/lucacastelli.com\/fr\/produit\/aiguiseur-fg-2\/","title":{"rendered":"STIHL Aiguiseur FG 2"},"content":{"rendered":"<p>Enfileur manuel de pr\u00e9cision FG 2. Fabriqu\u00e9 en m\u00e9tal, \u00e0 fixer \u00e0 la table, sans lime ni poign\u00e9e de dossier. \u00c9tau \u00e0 vis disponible, 2 vis sont n\u00e9cessaires pour la fixation \u00e0 la table.<br \/>\n795711114398  <\/p>\n","protected":false},"excerpt":{"rendered":"<p>Aiguiseur FG 2<\/p>\n","protected":false},"featured_media":437714,"template":"","meta":{"_seopress_robots_primary_cat":"","_seopress_titles_title":"","_seopress_titles_desc":"","_seopress_robots_index":""},"product_brand":[3366],"product_cat":[29,515,268],"product_tag":[3265],"class_list":{"0":"post-465332","1":"product","2":"type-product","3":"status-publish","4":"has-post-thumbnail","6":"product_brand-stihl","7":"product_cat-macchinari","8":"product_cat-accessori-e-materiale-di-consumo-altri-dispositivi","9":"product_cat-motoseghe","10":"product_tag-import-stihl","11":"sws-gruppo-macchinari-fr","12":"sws-conto-ricavi-merci-rivendita-macchinari-fr","13":"sws-gruppo-iva-iva81-fr","15":"first","16":"onbackorder","17":"purchasable","18":"product-type-simple"},"_links":{"self":[{"href":"https:\/\/lucacastelli.com\/fr\/wp-json\/wp\/v2\/product\/465332","targetHints":{"allow":["GET"]}}],"collection":[{"href":"https:\/\/lucacastelli.com\/fr\/wp-json\/wp\/v2\/product"}],"about":[{"href":"https:\/\/lucacastelli.com\/fr\/wp-json\/wp\/v2\/types\/product"}],"wp:featuredmedia":[{"embeddable":true,"href":"https:\/\/lucacastelli.com\/fr\/wp-json\/wp\/v2\/media\/437714"}],"wp:attachment":[{"href":"https:\/\/lucacastelli.com\/fr\/wp-json\/wp\/v2\/media?parent=465332"}],"wp:term":[{"taxonomy":"product_brand","embeddable":true,"href":"https:\/\/lucacastelli.com\/fr\/wp-json\/wp\/v2\/product_brand?post=465332"},{"taxonomy":"product_cat","embeddable":true,"href":"https:\/\/lucacastelli.com\/fr\/wp-json\/wp\/v2\/product_cat?post=465332"},{"taxonomy":"product_tag","embeddable":true,"href":"https:\/\/lucacastelli.com\/fr\/wp-json\/wp\/v2\/product_tag?post=465332"}],"curies":[{"name":"wp","href":"https:\/\/api.w.org\/{rel}","templated":true}]}}