{"id":465331,"date":"2025-06-01T00:26:33","date_gmt":"2025-05-31T22:26:33","guid":{"rendered":"https:\/\/lucacastelli.com\/prodotto\/404-rapid-super-rs-75-cm\/"},"modified":"2025-08-06T22:08:12","modified_gmt":"2025-08-06T20:08:12","slug":"404-rapid-super-rs-75-cm","status":"publish","type":"product","link":"https:\/\/lucacastelli.com\/fr\/produit\/404-rapid-super-rs-75-cm\/","title":{"rendered":"STIHL .404&#8243; Rapid Super (RS), 75 cm"},"content":{"rendered":"<p>Cha\u00eene haute performance pour d&#8217;excellents r\u00e9sultats de coupe dans les travaux forestiers professionnels. Recommand\u00e9 pour les machines de plus de 2,5 kW. Egalement pour le bois dur ou gel\u00e9.<br \/>\n795711041267<\/p>\n<p>Pas de la cha\u00eene 10,26 mm\/.404 &#8221;<br \/>\n\u00c9paisseur du maillon de guidage \u00c9paisseur du maillon de guidage<\/p>\n<p>Longueur de la barre Longueur de la barre<\/p>\n","protected":false},"excerpt":{"rendered":"<p>.404&#8243; Rapid Super (RS), 75 cm<\/p>\n","protected":false},"featured_media":429913,"template":"","meta":{"_seopress_robots_primary_cat":"","_seopress_titles_title":"","_seopress_titles_desc":"","_seopress_robots_index":""},"product_brand":[3554],"product_cat":[169,1612,1614],"product_tag":[3266],"class_list":{"0":"post-465331","1":"product","2":"type-product","3":"status-publish","4":"has-post-thumbnail","6":"product_brand-stihl-de","7":"product_cat-maschinen","8":"product_cat-kettensagen","9":"product_cat-ketten-und-haspeln","10":"product_tag-import-stihl-de","11":"sws-gruppo-macchinari-fr","12":"sws-conto-ricavi-merci-rivendita-macchinari-fr","13":"sws-gruppo-iva-iva81-fr","15":"first","16":"onbackorder","17":"purchasable","18":"product-type-simple"},"_links":{"self":[{"href":"https:\/\/lucacastelli.com\/fr\/wp-json\/wp\/v2\/product\/465331","targetHints":{"allow":["GET"]}}],"collection":[{"href":"https:\/\/lucacastelli.com\/fr\/wp-json\/wp\/v2\/product"}],"about":[{"href":"https:\/\/lucacastelli.com\/fr\/wp-json\/wp\/v2\/types\/product"}],"wp:featuredmedia":[{"embeddable":true,"href":"https:\/\/lucacastelli.com\/fr\/wp-json\/wp\/v2\/media\/429913"}],"wp:attachment":[{"href":"https:\/\/lucacastelli.com\/fr\/wp-json\/wp\/v2\/media?parent=465331"}],"wp:term":[{"taxonomy":"product_brand","embeddable":true,"href":"https:\/\/lucacastelli.com\/fr\/wp-json\/wp\/v2\/product_brand?post=465331"},{"taxonomy":"product_cat","embeddable":true,"href":"https:\/\/lucacastelli.com\/fr\/wp-json\/wp\/v2\/product_cat?post=465331"},{"taxonomy":"product_tag","embeddable":true,"href":"https:\/\/lucacastelli.com\/fr\/wp-json\/wp\/v2\/product_tag?post=465331"}],"curies":[{"name":"wp","href":"https:\/\/api.w.org\/{rel}","templated":true}]}}