{"id":465322,"date":"2025-06-01T00:26:12","date_gmt":"2025-05-31T22:26:12","guid":{"rendered":"https:\/\/lucacastelli.com\/?post_type=product&#038;p=465322"},"modified":"2025-06-28T09:27:21","modified_gmt":"2025-06-28T07:27:21","slug":"chaine-durgence-rapid-duro-r-rdr-3-8-16-mm","status":"publish","type":"product","link":"https:\/\/lucacastelli.com\/fr\/produit\/chaine-durgence-rapid-duro-r-rdr-3-8-16-mm\/","title":{"rendered":"Cha\u00eene d\u2019urgence Rapid Duro R (RDR), 3\/8, 1,6 mm"},"content":{"rendered":"<p>Cha\u00eene sp\u00e9ciale pour les t\u00e2ches les plus lourdes (par exemple sur du bois avec des clous, des mat\u00e9riaux composites et du verre de s\u00e9curit\u00e9 ou du verre pare-balles). Les dents de coupe ont un blindage complet de plaques de carbure dures mais r\u00e9sistantes.<br \/>\n795711267797 <\/p>\n<p>Pas de cha\u00eene 9,32 mm\/3\/8 &#8221;<br \/>\n\u00c9paisseur du maillon de guidage \u00c9paisseur du maillon de guidage<\/p>\n<p>Longueur de la barre Longueur de la barre<\/p>\n","protected":false},"excerpt":{"rendered":"<p>Cha\u00eene d\u2019urgence Rapid Duro R (RDR), 3\/8, 1,6 mm<\/p>\n","protected":false},"featured_media":469078,"template":"","meta":{"_seopress_robots_primary_cat":"","_seopress_titles_title":"","_seopress_titles_desc":"","_seopress_robots_index":""},"product_brand":[3366],"product_cat":[29,268,504],"product_tag":[3265],"class_list":{"0":"post-465322","1":"product","2":"type-product","3":"status-publish","4":"has-post-thumbnail","6":"product_brand-stihl","7":"product_cat-macchinari","8":"product_cat-motoseghe","9":"product_cat-catene-e-rotoli","10":"product_tag-import-stihl","11":"sws-gruppo-macchinari-fr","12":"sws-conto-ricavi-merci-rivendita-macchinari-fr","13":"sws-gruppo-iva-iva81-fr","15":"first","16":"onbackorder","17":"purchasable","18":"product-type-simple"},"_links":{"self":[{"href":"https:\/\/lucacastelli.com\/fr\/wp-json\/wp\/v2\/product\/465322","targetHints":{"allow":["GET"]}}],"collection":[{"href":"https:\/\/lucacastelli.com\/fr\/wp-json\/wp\/v2\/product"}],"about":[{"href":"https:\/\/lucacastelli.com\/fr\/wp-json\/wp\/v2\/types\/product"}],"wp:featuredmedia":[{"embeddable":true,"href":"https:\/\/lucacastelli.com\/fr\/wp-json\/wp\/v2\/media\/469078"}],"wp:attachment":[{"href":"https:\/\/lucacastelli.com\/fr\/wp-json\/wp\/v2\/media?parent=465322"}],"wp:term":[{"taxonomy":"product_brand","embeddable":true,"href":"https:\/\/lucacastelli.com\/fr\/wp-json\/wp\/v2\/product_brand?post=465322"},{"taxonomy":"product_cat","embeddable":true,"href":"https:\/\/lucacastelli.com\/fr\/wp-json\/wp\/v2\/product_cat?post=465322"},{"taxonomy":"product_tag","embeddable":true,"href":"https:\/\/lucacastelli.com\/fr\/wp-json\/wp\/v2\/product_tag?post=465322"}],"curies":[{"name":"wp","href":"https:\/\/api.w.org\/{rel}","templated":true}]}}