{"id":465319,"date":"2025-06-01T00:26:22","date_gmt":"2025-05-31T22:26:22","guid":{"rendered":"https:\/\/lucacastelli.com\/prodotto\/404-rapid-super-rs-53-cm\/"},"modified":"2025-08-06T22:08:03","modified_gmt":"2025-08-06T20:08:03","slug":"404-rapid-super-rs-53-cm","status":"publish","type":"product","link":"https:\/\/lucacastelli.com\/fr\/produit\/404-rapid-super-rs-53-cm\/","title":{"rendered":"STIHL .404&#8243; Rapid Super (RS), 53 cm"},"content":{"rendered":"<p>Cha\u00eene haute performance pour d\u2019excellents r\u00e9sultats de coupe dans le cadre d\u2019une utilisation professionnelle dans les travaux forestiers. Recommand\u00e9 pour les machines d\u2019une puissance sup\u00e9rieure \u00e0 2,5 kW. Aussi pour le bois dur ou la cr\u00e8me glac\u00e9e.<br \/>\n795711041175  <\/p>\n<p>Pas de la cha\u00eene 10,26 mm\/.404 &#8221;<br \/>\n\u00c9paisseur du maillon de guidage \u00c9paisseur du maillon de guidage<\/p>\n<p>Longueur de la barre Longueur de la barre<\/p>\n","protected":false},"excerpt":{"rendered":"<p>.404&#8243; Rapid Super (RS), 53 cm<\/p>\n","protected":false},"featured_media":429913,"template":"","meta":{"_seopress_robots_primary_cat":"","_seopress_titles_title":"","_seopress_titles_desc":"","_seopress_robots_index":""},"product_brand":[3366],"product_cat":[29,268,504],"product_tag":[3265],"class_list":{"0":"post-465319","1":"product","2":"type-product","3":"status-publish","4":"has-post-thumbnail","6":"product_brand-stihl","7":"product_cat-macchinari","8":"product_cat-motoseghe","9":"product_cat-catene-e-rotoli","10":"product_tag-import-stihl","11":"sws-gruppo-macchinari-fr","12":"sws-conto-ricavi-merci-rivendita-macchinari-fr","13":"sws-gruppo-iva-iva81-fr","15":"first","16":"onbackorder","17":"purchasable","18":"product-type-simple"},"_links":{"self":[{"href":"https:\/\/lucacastelli.com\/fr\/wp-json\/wp\/v2\/product\/465319","targetHints":{"allow":["GET"]}}],"collection":[{"href":"https:\/\/lucacastelli.com\/fr\/wp-json\/wp\/v2\/product"}],"about":[{"href":"https:\/\/lucacastelli.com\/fr\/wp-json\/wp\/v2\/types\/product"}],"wp:featuredmedia":[{"embeddable":true,"href":"https:\/\/lucacastelli.com\/fr\/wp-json\/wp\/v2\/media\/429913"}],"wp:attachment":[{"href":"https:\/\/lucacastelli.com\/fr\/wp-json\/wp\/v2\/media?parent=465319"}],"wp:term":[{"taxonomy":"product_brand","embeddable":true,"href":"https:\/\/lucacastelli.com\/fr\/wp-json\/wp\/v2\/product_brand?post=465319"},{"taxonomy":"product_cat","embeddable":true,"href":"https:\/\/lucacastelli.com\/fr\/wp-json\/wp\/v2\/product_cat?post=465319"},{"taxonomy":"product_tag","embeddable":true,"href":"https:\/\/lucacastelli.com\/fr\/wp-json\/wp\/v2\/product_tag?post=465319"}],"curies":[{"name":"wp","href":"https:\/\/api.w.org\/{rel}","templated":true}]}}