{"id":465311,"date":"2025-06-01T00:25:54","date_gmt":"2025-05-31T22:25:54","guid":{"rendered":"https:\/\/lucacastelli.com\/prodotto\/325-rapid-duro-3-pro-rd3-40-cm\/"},"modified":"2025-08-06T22:07:44","modified_gmt":"2025-08-06T20:07:44","slug":"325-rapid-duro-3-pro-rd3-40-cm","status":"publish","type":"product","link":"https:\/\/lucacastelli.com\/fr\/produit\/325-rapid-duro-3-pro-rd3-40-cm\/","title":{"rendered":"STIHL 325&#8243; Rapid Duro 3 Pro (RD3), 40 cm"},"content":{"rendered":"<p>Cha\u00eene en carbure de tungst\u00e8ne extr\u00eamement robuste avec faible rebond et maillon de guidage \u00e0 bosse pour une utilisation intensive. Sans r\u00e9aff\u00fbtage, elle reste aff\u00fbt\u00e9e jusqu&#8217;\u00e0 dix fois plus longtemps que les cha\u00eenes conventionnelles. Extr\u00eamement robuste, r\u00e9siste aux fortes contraintes et aux faibles vibrations.<br \/>\n886661309191<\/p>\n<p>Pas de cha\u00eene 8,25 mm\/.325 &#8221;<br \/>\n\u00c9paisseur du maillon de guidage \u00c9paisseur du maillon de guidage<\/p>\n<p>Longueur de la barre Longueur de la barre<\/p>\n","protected":false},"excerpt":{"rendered":"<p>325&#8243;, Rapid Duro 3 Pro (RD3), 40 cm<\/p>\n","protected":false},"featured_media":429945,"template":"","meta":{"_seopress_robots_primary_cat":"","_seopress_titles_title":"","_seopress_titles_desc":"","_seopress_robots_index":""},"product_brand":[3366],"product_cat":[29,268,504],"product_tag":[3265],"class_list":{"0":"post-465311","1":"product","2":"type-product","3":"status-publish","4":"has-post-thumbnail","6":"product_brand-stihl","7":"product_cat-macchinari","8":"product_cat-motoseghe","9":"product_cat-catene-e-rotoli","10":"product_tag-import-stihl","11":"sws-gruppo-macchinari-fr","12":"sws-conto-ricavi-merci-rivendita-macchinari-fr","13":"sws-gruppo-iva-iva81-fr","15":"first","16":"onbackorder","17":"purchasable","18":"product-type-simple"},"_links":{"self":[{"href":"https:\/\/lucacastelli.com\/fr\/wp-json\/wp\/v2\/product\/465311","targetHints":{"allow":["GET"]}}],"collection":[{"href":"https:\/\/lucacastelli.com\/fr\/wp-json\/wp\/v2\/product"}],"about":[{"href":"https:\/\/lucacastelli.com\/fr\/wp-json\/wp\/v2\/types\/product"}],"wp:featuredmedia":[{"embeddable":true,"href":"https:\/\/lucacastelli.com\/fr\/wp-json\/wp\/v2\/media\/429945"}],"wp:attachment":[{"href":"https:\/\/lucacastelli.com\/fr\/wp-json\/wp\/v2\/media?parent=465311"}],"wp:term":[{"taxonomy":"product_brand","embeddable":true,"href":"https:\/\/lucacastelli.com\/fr\/wp-json\/wp\/v2\/product_brand?post=465311"},{"taxonomy":"product_cat","embeddable":true,"href":"https:\/\/lucacastelli.com\/fr\/wp-json\/wp\/v2\/product_cat?post=465311"},{"taxonomy":"product_tag","embeddable":true,"href":"https:\/\/lucacastelli.com\/fr\/wp-json\/wp\/v2\/product_tag?post=465311"}],"curies":[{"name":"wp","href":"https:\/\/api.w.org\/{rel}","templated":true}]}}