{"id":465280,"date":"2025-06-01T02:35:36","date_gmt":"2025-06-01T00:35:36","guid":{"rendered":"https:\/\/lucacastelli.com\/prodotto\/outil-multifonction-avec-cle-19-16\/"},"modified":"2025-06-01T02:35:36","modified_gmt":"2025-06-01T00:35:36","slug":"outil-multifonction-avec-cle-19-16","status":"publish","type":"product","link":"https:\/\/lucacastelli.com\/fr\/produit\/outil-multifonction-avec-cle-19-16\/","title":{"rendered":"Outil multifonction avec cl\u00e9 19 &#8211; 16"},"content":{"rendered":"<p>Outil multifonction pratique de haute qualit\u00e9 dans un bo\u00eetier en plastique robuste avec tournevis de 3,5 mm (pour r\u00e9gler le carburateur et peut \u00eatre utilis\u00e9 pour nettoyer les rainures) et tournevis de 7,0 mm, lame Torx TX27 et 19 13 et 19 16 cl\u00e9s \u00e0 bougies. Y compris pochette en nylon avec boucle de ceinture.<br \/>\n795711423148 <\/p>\n","protected":false},"excerpt":{"rendered":"<p>Outil multifonction avec cl\u00e9 19 &#8211; 16<\/p>\n","protected":false},"featured_media":437920,"template":"","meta":{"_seopress_robots_primary_cat":"","_seopress_titles_title":"","_seopress_titles_desc":"","_seopress_robots_index":""},"product_brand":[3366],"product_cat":[29,515,268],"product_tag":[3265],"class_list":{"0":"post-465280","1":"product","2":"type-product","3":"status-publish","4":"has-post-thumbnail","6":"product_brand-stihl","7":"product_cat-macchinari","8":"product_cat-accessori-e-materiale-di-consumo-altri-dispositivi","9":"product_cat-motoseghe","10":"product_tag-import-stihl","11":"sws-gruppo-macchinari-fr","12":"sws-conto-ricavi-merci-rivendita-macchinari-fr","13":"sws-gruppo-iva-iva81-fr","15":"first","16":"onbackorder","17":"purchasable","18":"product-type-simple"},"_links":{"self":[{"href":"https:\/\/lucacastelli.com\/fr\/wp-json\/wp\/v2\/product\/465280","targetHints":{"allow":["GET"]}}],"collection":[{"href":"https:\/\/lucacastelli.com\/fr\/wp-json\/wp\/v2\/product"}],"about":[{"href":"https:\/\/lucacastelli.com\/fr\/wp-json\/wp\/v2\/types\/product"}],"wp:featuredmedia":[{"embeddable":true,"href":"https:\/\/lucacastelli.com\/fr\/wp-json\/wp\/v2\/media\/437920"}],"wp:attachment":[{"href":"https:\/\/lucacastelli.com\/fr\/wp-json\/wp\/v2\/media?parent=465280"}],"wp:term":[{"taxonomy":"product_brand","embeddable":true,"href":"https:\/\/lucacastelli.com\/fr\/wp-json\/wp\/v2\/product_brand?post=465280"},{"taxonomy":"product_cat","embeddable":true,"href":"https:\/\/lucacastelli.com\/fr\/wp-json\/wp\/v2\/product_cat?post=465280"},{"taxonomy":"product_tag","embeddable":true,"href":"https:\/\/lucacastelli.com\/fr\/wp-json\/wp\/v2\/product_tag?post=465280"}],"curies":[{"name":"wp","href":"https:\/\/api.w.org\/{rel}","templated":true}]}}