{"id":465264,"date":"2025-06-01T02:35:08","date_gmt":"2025-06-01T00:35:08","guid":{"rendered":"https:\/\/lucacastelli.com\/prodotto\/poignee-de-lime-fh1\/"},"modified":"2025-06-01T02:35:08","modified_gmt":"2025-06-01T00:35:08","slug":"poignee-de-lime-fh1","status":"publish","type":"product","link":"https:\/\/lucacastelli.com\/fr\/produit\/poignee-de-lime-fh1\/","title":{"rendered":"Poign\u00e9e de lime FH1"},"content":{"rendered":"<p>Poign\u00e9e \u00e0 2 composants, avec gabarit d\u2019angle d\u2019aff\u00fbtage, pour toutes les limes rondes.<br \/>\n795711162702<\/p>\n","protected":false},"excerpt":{"rendered":"<p>Poign\u00e9e de lime FH1<\/p>\n","protected":false},"featured_media":425111,"template":"","meta":{"_seopress_robots_primary_cat":"","_seopress_titles_title":"","_seopress_titles_desc":"","_seopress_robots_index":""},"product_brand":[3555],"product_cat":[1456,167,1604],"product_tag":[3267],"class_list":{"0":"post-465264","1":"product","2":"type-product","3":"status-publish","4":"has-post-thumbnail","6":"product_brand-stihl-fr","7":"product_cat-accessoires-et-consommables-fr","8":"product_cat-machines","9":"product_cat-tronconneuses","10":"product_tag-import-stihl-fr","11":"sws-gruppo-macchinari-fr","12":"sws-conto-ricavi-merci-rivendita-macchinari-fr","13":"sws-gruppo-iva-iva81-fr","15":"first","16":"onbackorder","17":"purchasable","18":"product-type-simple"},"_links":{"self":[{"href":"https:\/\/lucacastelli.com\/fr\/wp-json\/wp\/v2\/product\/465264","targetHints":{"allow":["GET"]}}],"collection":[{"href":"https:\/\/lucacastelli.com\/fr\/wp-json\/wp\/v2\/product"}],"about":[{"href":"https:\/\/lucacastelli.com\/fr\/wp-json\/wp\/v2\/types\/product"}],"wp:featuredmedia":[{"embeddable":true,"href":"https:\/\/lucacastelli.com\/fr\/wp-json\/wp\/v2\/media\/425111"}],"wp:attachment":[{"href":"https:\/\/lucacastelli.com\/fr\/wp-json\/wp\/v2\/media?parent=465264"}],"wp:term":[{"taxonomy":"product_brand","embeddable":true,"href":"https:\/\/lucacastelli.com\/fr\/wp-json\/wp\/v2\/product_brand?post=465264"},{"taxonomy":"product_cat","embeddable":true,"href":"https:\/\/lucacastelli.com\/fr\/wp-json\/wp\/v2\/product_cat?post=465264"},{"taxonomy":"product_tag","embeddable":true,"href":"https:\/\/lucacastelli.com\/fr\/wp-json\/wp\/v2\/product_tag?post=465264"}],"curies":[{"name":"wp","href":"https:\/\/api.w.org\/{rel}","templated":true}]}}